{"id":272,"date":"2013-09-04T14:45:13","date_gmt":"2013-09-04T14:45:13","guid":{"rendered":"https:\/\/www.hoteleuropeo.it\/?page_id=272"},"modified":"2015-06-10T10:53:17","modified_gmt":"2015-06-10T10:53:17","slug":"offres-speciales","status":"publish","type":"page","link":"https:\/\/www.hoteleuropeo.it\/fr\/offres-speciales\/","title":{"rendered":"Offres Sp\u00e9ciales"},"content":{"rendered":"<div class=\"corpo-1\">\n<h2>Offres Sp\u00e9ciales<\/h2>\n<div class=\"gallery-view\"><div class=\"offer-package-4\"><div style=\"position:relative; margin-left:auto; margin-right:auto; overflow:hidden; width:px;\"><a href=\"https:\/\/www.hoteleuropeo.it\/fr\/offers\/tutti-i-giorni-infrasettimanali-di-giugno-2025\/\"><img loading=\"lazy\" decoding=\"async\" width=\"268\" height=\"268\" src=\"https:\/\/www.hoteleuropeo.it\/wp-content\/uploads\/2019\/01\/frittura-pesce-268x268.jpg\" class=\"size-medium\" alt=\"\" srcset=\"https:\/\/www.hoteleuropeo.it\/wp-content\/uploads\/2019\/01\/frittura-pesce-268x268.jpg 268w, https:\/\/www.hoteleuropeo.it\/wp-content\/uploads\/2019\/01\/frittura-pesce-150x150.jpg 150w, https:\/\/www.hoteleuropeo.it\/wp-content\/uploads\/2019\/01\/frittura-pesce-250x250.jpg 250w, https:\/\/www.hoteleuropeo.it\/wp-content\/uploads\/2019\/01\/frittura-pesce-32x32.jpg 32w, https:\/\/www.hoteleuropeo.it\/wp-content\/uploads\/2019\/01\/frittura-pesce-128x128.jpg 128w, https:\/\/www.hoteleuropeo.it\/wp-content\/uploads\/2019\/01\/frittura-pesce-210x210.jpg 210w\" sizes=\"auto, (max-width: 268px) 100vw, 268px\" \/><\/a><div class=\"background-offer-gallery\"><img decoding=\"async\" src=\"https:\/\/www.hoteleuropeo.it\/wp-content\/uploads\/2013\/09\/bkg-white704.png\" ><div class=\"highlight-text-gallery\"><a href=\"https:\/\/www.hoteleuropeo.it\/fr\/offers\/tutti-i-giorni-infrasettimanali-di-giugno-2025\/\">\u00c9v\u00e9nement sp\u00e9cial, Evento Speciale, Meilleur tarif, Miglior Prezzo, Pacchetto, Package<\/a><\/div><\/div><div class=\"background-tag-gallery\"><img decoding=\"async\" src=\"https:\/\/www.hoteleuropeo.it\/wp-content\/uploads\/2013\/09\/package_icon.png\" ><\/div><\/div><div class=\"original-price\"><\/div><div class=\"reducted-price\"><\/div><div class=\"clear\"><\/div><div class=\"offer_title\"><a href=\"https:\/\/www.hoteleuropeo.it\/fr\/offers\/tutti-i-giorni-infrasettimanali-di-giugno-2025\/\">Tutti i giorni infrasettimanali di Giugno  2025<\/a><\/div><div class=\"package-gallery\"><div><\/div><div><\/div><div><\/div><div><\/div><\/div><\/div><div class=\"offer-package-4\"><div style=\"position:relative; margin-left:auto; margin-right:auto; overflow:hidden; width:px;\"><a href=\"https:\/\/www.hoteleuropeo.it\/fr\/offers\/1726\/\"><img loading=\"lazy\" decoding=\"async\" width=\"268\" height=\"268\" src=\"https:\/\/www.hoteleuropeo.it\/wp-content\/uploads\/2021\/04\/pexels-photo-210205-268x268.jpg\" class=\"size-medium\" alt=\"\" srcset=\"https:\/\/www.hoteleuropeo.it\/wp-content\/uploads\/2021\/04\/pexels-photo-210205-268x268.jpg 268w, https:\/\/www.hoteleuropeo.it\/wp-content\/uploads\/2021\/04\/pexels-photo-210205-150x150.jpg 150w, https:\/\/www.hoteleuropeo.it\/wp-content\/uploads\/2021\/04\/pexels-photo-210205-250x250.jpg 250w, https:\/\/www.hoteleuropeo.it\/wp-content\/uploads\/2021\/04\/pexels-photo-210205-32x32.jpg 32w, https:\/\/www.hoteleuropeo.it\/wp-content\/uploads\/2021\/04\/pexels-photo-210205-128x128.jpg 128w, https:\/\/www.hoteleuropeo.it\/wp-content\/uploads\/2021\/04\/pexels-photo-210205-210x210.jpg 210w\" sizes=\"auto, (max-width: 268px) 100vw, 268px\" \/><\/a><div class=\"background-offer-gallery\"><img decoding=\"async\" src=\"https:\/\/www.hoteleuropeo.it\/wp-content\/uploads\/2013\/09\/bkg-white704.png\" ><div class=\"highlight-text-gallery\"><a href=\"https:\/\/www.hoteleuropeo.it\/fr\/offers\/1726\/\">Evento Speciale, Last Minute, Miglior Prezzo, Prenota Prima<\/a><\/div><\/div><div class=\"background-tag-gallery\"><img decoding=\"async\" src=\"https:\/\/www.hoteleuropeo.it\/wp-content\/uploads\/2013\/09\/early-booking_icon.png\" ><\/div><\/div><div class=\"original-price\"><\/div><div class=\"reducted-price\"><\/div><div class=\"clear\"><\/div><div class=\"offer_title\"><a href=\"https:\/\/www.hoteleuropeo.it\/fr\/offers\/1726\/\">SETTEMBRE MARE RELAX<\/a><\/div><div class=\"package-gallery\"><div><\/div><div><\/div><div><\/div><div><\/div><\/div><\/div><div class=\"offer-package-4\"><div style=\"position:relative; margin-left:auto; margin-right:auto; overflow:hidden; width:px;\"><a href=\"https:\/\/www.hoteleuropeo.it\/fr\/offers\/appartamenti-turistici-vicino-alla-spiaggia\/\"><img loading=\"lazy\" decoding=\"async\" width=\"268\" height=\"268\" src=\"https:\/\/www.hoteleuropeo.it\/wp-content\/uploads\/2016\/04\/SAM_0942-268x268.jpg\" class=\"size-medium\" alt=\"\" srcset=\"https:\/\/www.hoteleuropeo.it\/wp-content\/uploads\/2016\/04\/SAM_0942-268x268.jpg 268w, https:\/\/www.hoteleuropeo.it\/wp-content\/uploads\/2016\/04\/SAM_0942-150x150.jpg 150w, https:\/\/www.hoteleuropeo.it\/wp-content\/uploads\/2016\/04\/SAM_0942-250x250.jpg 250w, https:\/\/www.hoteleuropeo.it\/wp-content\/uploads\/2016\/04\/SAM_0942-32x32.jpg 32w, https:\/\/www.hoteleuropeo.it\/wp-content\/uploads\/2016\/04\/SAM_0942-128x128.jpg 128w, https:\/\/www.hoteleuropeo.it\/wp-content\/uploads\/2016\/04\/SAM_0942-210x210.jpg 210w, https:\/\/www.hoteleuropeo.it\/wp-content\/uploads\/2016\/04\/SAM_0942-440x440.jpg 440w, https:\/\/www.hoteleuropeo.it\/wp-content\/uploads\/2016\/04\/SAM_0942-930x930.jpg 930w\" sizes=\"auto, (max-width: 268px) 100vw, 268px\" \/><\/a><div class=\"background-offer-gallery\"><img decoding=\"async\" src=\"https:\/\/www.hoteleuropeo.it\/wp-content\/uploads\/2013\/09\/bkg-white704.png\" ><div class=\"highlight-text-gallery\"><a href=\"https:\/\/www.hoteleuropeo.it\/fr\/offers\/appartamenti-turistici-vicino-alla-spiaggia\/\">\u00c9v\u00e9nement sp\u00e9cial, Meilleur tarif, Package<\/a><\/div><\/div><div class=\"background-tag-gallery\"><img decoding=\"async\" src=\"https:\/\/www.hoteleuropeo.it\/wp-content\/uploads\/2013\/09\/package_icon.png\" ><\/div><\/div><div class=\"original-price\"><\/div><div class=\"reducted-price\"><\/div><div class=\"clear\"><\/div><div class=\"offer_title\"><a href=\"https:\/\/www.hoteleuropeo.it\/fr\/offers\/appartamenti-turistici-vicino-alla-spiaggia\/\">Appartamenti turistici vicino alla Spiaggia 2021<\/a><\/div><div class=\"package-gallery\"><div><\/div><div><\/div><div><\/div><div><\/div><\/div><\/div><div class=\"offer-package-4\"><div style=\"position:relative; margin-left:auto; margin-right:auto; overflow:hidden; width:px;\"><a href=\"https:\/\/www.hoteleuropeo.it\/fr\/offers\/pacchetto-family\/\"><img loading=\"lazy\" decoding=\"async\" width=\"268\" height=\"183\" src=\"https:\/\/www.hoteleuropeo.it\/wp-content\/uploads\/2016\/04\/images-268x183.jpg\" class=\"size-medium\" alt=\"\" srcset=\"https:\/\/www.hoteleuropeo.it\/wp-content\/uploads\/2016\/04\/images-268x183.jpg 268w, https:\/\/www.hoteleuropeo.it\/wp-content\/uploads\/2016\/04\/images-220x150.jpg 220w\" sizes=\"auto, (max-width: 268px) 100vw, 268px\" \/><\/a><div class=\"background-offer-gallery\"><img decoding=\"async\" src=\"https:\/\/www.hoteleuropeo.it\/wp-content\/uploads\/2013\/09\/bkg-white704.png\" ><div class=\"highlight-text-gallery\"><a href=\"https:\/\/www.hoteleuropeo.it\/fr\/offers\/pacchetto-family\/\">Meilleur tarif, Package<\/a><\/div><\/div><div class=\"background-tag-gallery\"><img decoding=\"async\" src=\"https:\/\/www.hoteleuropeo.it\/wp-content\/uploads\/2013\/09\/package_icon.png\" ><\/div><\/div><div class=\"original-price\"><\/div><div class=\"reducted-price\"><\/div><div class=\"clear\"><\/div><div class=\"offer_title\"><a href=\"https:\/\/www.hoteleuropeo.it\/fr\/offers\/pacchetto-family\/\">Pacchetto Family  2021<\/a><\/div><div class=\"package-gallery\"><div><\/div><div><\/div><div><\/div><div><\/div><\/div><\/div><div class=\"offer-package-4\"><div style=\"position:relative; margin-left:auto; margin-right:auto; overflow:hidden; width:px;\"><a href=\"https:\/\/www.hoteleuropeo.it\/fr\/offers\/tarifs-speciaux-internet\/\"><img loading=\"lazy\" decoding=\"async\" width=\"268\" height=\"268\" src=\"https:\/\/www.hoteleuropeo.it\/wp-content\/uploads\/2013\/09\/offerta-default-1-268x268.jpg\" class=\"size-medium\" alt=\"\" srcset=\"https:\/\/www.hoteleuropeo.it\/wp-content\/uploads\/2013\/09\/offerta-default-1-268x268.jpg 268w, https:\/\/www.hoteleuropeo.it\/wp-content\/uploads\/2013\/09\/offerta-default-1-150x150.jpg 150w, https:\/\/www.hoteleuropeo.it\/wp-content\/uploads\/2013\/09\/offerta-default-1-32x32.jpg 32w, https:\/\/www.hoteleuropeo.it\/wp-content\/uploads\/2013\/09\/offerta-default-1-128x128.jpg 128w, https:\/\/www.hoteleuropeo.it\/wp-content\/uploads\/2013\/09\/offerta-default-1-210x210.jpg 210w\" sizes=\"auto, (max-width: 268px) 100vw, 268px\" \/><\/a><div class=\"background-offer-gallery\"><img decoding=\"async\" src=\"https:\/\/www.hoteleuropeo.it\/wp-content\/uploads\/2013\/09\/bkg-white704.png\" ><div class=\"highlight-text-gallery\"><a href=\"https:\/\/www.hoteleuropeo.it\/fr\/offers\/tarifs-speciaux-internet\/\">Meilleur tarif<\/a><\/div><\/div><div class=\"background-tag-gallery\"><img decoding=\"async\" src=\"https:\/\/www.hoteleuropeo.it\/wp-content\/uploads\/2013\/09\/best-price_icon.png\" ><\/div><\/div><div class=\"original-price\"><\/div><div class=\"reducted-price\"><\/div><div class=\"clear\"><\/div><div class=\"offer_title\"><a href=\"https:\/\/www.hoteleuropeo.it\/fr\/offers\/tarifs-speciaux-internet\/\">Tarifs Sp\u00e9ciaux Internet<\/a><\/div><div class=\"package-gallery\"><div>R\u00e9duction Sp\u00e9ciale<\/div><div>Toujours Disponible<\/div><div>2 personnes ou plus<\/div><div>Doubler \/ Triple<\/div><\/div><\/div><\/div><\/div>\n","protected":false},"excerpt":{"rendered":"<p>Offres Sp\u00e9ciales<\/p>\n","protected":false},"author":28,"featured_media":0,"parent":0,"menu_order":0,"comment_status":"open","ping_status":"open","template":"","meta":{"footnotes":""},"class_list":["post-272","page","type-page","status-publish","hentry"],"yoast_head":"<!-- This site is optimized with the Yoast SEO plugin v25.7 - https:\/\/yoast.com\/wordpress\/plugins\/seo\/ -->\n<title>Offres Sp\u00e9ciales - Hotel Europeo<\/title>\n<meta name=\"description\" content=\"Offres Sp\u00e9ciales, H\u00f4tel Europeo: 3 h\u00f4tel \u00e9toiles \u00e0 Sottomarina pr\u00e8s de la plage. Fournit des services pour les familles et des chambres avec vue. La plage est \u00e0 distance de marche. Pratique pour Venise.\" \/>\n<meta name=\"robots\" content=\"index, follow, max-snippet:-1, max-image-preview:large, max-video-preview:-1\" \/>\n<link rel=\"canonical\" href=\"https:\/\/www.hoteleuropeo.it\/fr\/offres-speciales\/\" \/>\n<meta property=\"og:locale\" content=\"fr_FR\" \/>\n<meta property=\"og:type\" content=\"article\" \/>\n<meta property=\"og:title\" content=\"Offres Sp\u00e9ciales - Hotel Europeo\" \/>\n<meta property=\"og:description\" content=\"Offres Sp\u00e9ciales, H\u00f4tel Europeo: 3 h\u00f4tel \u00e9toiles \u00e0 Sottomarina pr\u00e8s de la plage. Fournit des services pour les familles et des chambres avec vue. La plage est \u00e0 distance de marche. Pratique pour Venise.\" \/>\n<meta property=\"og:url\" content=\"https:\/\/www.hoteleuropeo.it\/fr\/offres-speciales\/\" \/>\n<meta property=\"og:site_name\" content=\"Hotel Europeo\" \/>\n<meta property=\"article:modified_time\" content=\"2015-06-10T10:53:17+00:00\" \/>\n<script type=\"application\/ld+json\" class=\"yoast-schema-graph\">{\"@context\":\"https:\/\/schema.org\",\"@graph\":[{\"@type\":\"WebPage\",\"@id\":\"https:\/\/www.hoteleuropeo.it\/fr\/offres-speciales\/\",\"url\":\"https:\/\/www.hoteleuropeo.it\/fr\/offres-speciales\/\",\"name\":\"Offres Sp\u00e9ciales - Hotel Europeo\",\"isPartOf\":{\"@id\":\"https:\/\/www.hoteleuropeo.it\/fr\/#website\"},\"datePublished\":\"2013-09-04T14:45:13+00:00\",\"dateModified\":\"2015-06-10T10:53:17+00:00\",\"description\":\"Offres Sp\u00e9ciales, H\u00f4tel Europeo: 3 h\u00f4tel \u00e9toiles \u00e0 Sottomarina pr\u00e8s de la plage. Fournit des services pour les familles et des chambres avec vue. La plage est \u00e0 distance de marche. Pratique pour Venise.\",\"breadcrumb\":{\"@id\":\"https:\/\/www.hoteleuropeo.it\/fr\/offres-speciales\/#breadcrumb\"},\"inLanguage\":\"fr-FR\",\"potentialAction\":[{\"@type\":\"ReadAction\",\"target\":[\"https:\/\/www.hoteleuropeo.it\/fr\/offres-speciales\/\"]}]},{\"@type\":\"BreadcrumbList\",\"@id\":\"https:\/\/www.hoteleuropeo.it\/fr\/offres-speciales\/#breadcrumb\",\"itemListElement\":[{\"@type\":\"ListItem\",\"position\":1,\"name\":\"Home\",\"item\":\"https:\/\/www.hoteleuropeo.it\/fr\/\"},{\"@type\":\"ListItem\",\"position\":2,\"name\":\"Offres Sp\u00e9ciales\"}]},{\"@type\":\"WebSite\",\"@id\":\"https:\/\/www.hoteleuropeo.it\/fr\/#website\",\"url\":\"https:\/\/www.hoteleuropeo.it\/fr\/\",\"name\":\"Hotel Europeo\",\"description\":\"Just another Nozio site\",\"potentialAction\":[{\"@type\":\"SearchAction\",\"target\":{\"@type\":\"EntryPoint\",\"urlTemplate\":\"https:\/\/www.hoteleuropeo.it\/fr\/?s={search_term_string}\"},\"query-input\":{\"@type\":\"PropertyValueSpecification\",\"valueRequired\":true,\"valueName\":\"search_term_string\"}}],\"inLanguage\":\"fr-FR\"}]}<\/script>\n<!-- \/ Yoast SEO plugin. -->","yoast_head_json":{"title":"Offres Sp\u00e9ciales - Hotel Europeo","description":"Offres Sp\u00e9ciales, H\u00f4tel Europeo: 3 h\u00f4tel \u00e9toiles \u00e0 Sottomarina pr\u00e8s de la plage. Fournit des services pour les familles et des chambres avec vue. La plage est \u00e0 distance de marche. Pratique pour Venise.","robots":{"index":"index","follow":"follow","max-snippet":"max-snippet:-1","max-image-preview":"max-image-preview:large","max-video-preview":"max-video-preview:-1"},"canonical":"https:\/\/www.hoteleuropeo.it\/fr\/offres-speciales\/","og_locale":"fr_FR","og_type":"article","og_title":"Offres Sp\u00e9ciales - Hotel Europeo","og_description":"Offres Sp\u00e9ciales, H\u00f4tel Europeo: 3 h\u00f4tel \u00e9toiles \u00e0 Sottomarina pr\u00e8s de la plage. Fournit des services pour les familles et des chambres avec vue. La plage est \u00e0 distance de marche. Pratique pour Venise.","og_url":"https:\/\/www.hoteleuropeo.it\/fr\/offres-speciales\/","og_site_name":"Hotel Europeo","article_modified_time":"2015-06-10T10:53:17+00:00","schema":{"@context":"https:\/\/schema.org","@graph":[{"@type":"WebPage","@id":"https:\/\/www.hoteleuropeo.it\/fr\/offres-speciales\/","url":"https:\/\/www.hoteleuropeo.it\/fr\/offres-speciales\/","name":"Offres Sp\u00e9ciales - Hotel Europeo","isPartOf":{"@id":"https:\/\/www.hoteleuropeo.it\/fr\/#website"},"datePublished":"2013-09-04T14:45:13+00:00","dateModified":"2015-06-10T10:53:17+00:00","description":"Offres Sp\u00e9ciales, H\u00f4tel Europeo: 3 h\u00f4tel \u00e9toiles \u00e0 Sottomarina pr\u00e8s de la plage. Fournit des services pour les familles et des chambres avec vue. La plage est \u00e0 distance de marche. Pratique pour Venise.","breadcrumb":{"@id":"https:\/\/www.hoteleuropeo.it\/fr\/offres-speciales\/#breadcrumb"},"inLanguage":"fr-FR","potentialAction":[{"@type":"ReadAction","target":["https:\/\/www.hoteleuropeo.it\/fr\/offres-speciales\/"]}]},{"@type":"BreadcrumbList","@id":"https:\/\/www.hoteleuropeo.it\/fr\/offres-speciales\/#breadcrumb","itemListElement":[{"@type":"ListItem","position":1,"name":"Home","item":"https:\/\/www.hoteleuropeo.it\/fr\/"},{"@type":"ListItem","position":2,"name":"Offres Sp\u00e9ciales"}]},{"@type":"WebSite","@id":"https:\/\/www.hoteleuropeo.it\/fr\/#website","url":"https:\/\/www.hoteleuropeo.it\/fr\/","name":"Hotel Europeo","description":"Just another Nozio site","potentialAction":[{"@type":"SearchAction","target":{"@type":"EntryPoint","urlTemplate":"https:\/\/www.hoteleuropeo.it\/fr\/?s={search_term_string}"},"query-input":{"@type":"PropertyValueSpecification","valueRequired":true,"valueName":"search_term_string"}}],"inLanguage":"fr-FR"}]}},"publishpress_future_action":{"enabled":false,"date":"2026-05-12 15:36:10","action":"change-status","newStatus":"draft","terms":[],"taxonomy":"translation_priority","extraData":[]},"publishpress_future_workflow_manual_trigger":{"enabledWorkflows":[]},"_links":{"self":[{"href":"https:\/\/www.hoteleuropeo.it\/fr\/wp-json\/wp\/v2\/pages\/272","targetHints":{"allow":["GET"]}}],"collection":[{"href":"https:\/\/www.hoteleuropeo.it\/fr\/wp-json\/wp\/v2\/pages"}],"about":[{"href":"https:\/\/www.hoteleuropeo.it\/fr\/wp-json\/wp\/v2\/types\/page"}],"author":[{"embeddable":true,"href":"https:\/\/www.hoteleuropeo.it\/fr\/wp-json\/wp\/v2\/users\/28"}],"replies":[{"embeddable":true,"href":"https:\/\/www.hoteleuropeo.it\/fr\/wp-json\/wp\/v2\/comments?post=272"}],"version-history":[{"count":2,"href":"https:\/\/www.hoteleuropeo.it\/fr\/wp-json\/wp\/v2\/pages\/272\/revisions"}],"predecessor-version":[{"id":1039,"href":"https:\/\/www.hoteleuropeo.it\/fr\/wp-json\/wp\/v2\/pages\/272\/revisions\/1039"}],"wp:attachment":[{"href":"https:\/\/www.hoteleuropeo.it\/fr\/wp-json\/wp\/v2\/media?parent=272"}],"curies":[{"name":"wp","href":"https:\/\/api.w.org\/{rel}","templated":true}]}}