{"id":115,"date":"2013-09-03T15:09:08","date_gmt":"2013-09-03T15:09:08","guid":{"rendered":"https:\/\/www.hoteleuropeo.it\/?page_id=115"},"modified":"2020-05-14T10:27:10","modified_gmt":"2020-05-14T10:27:10","slug":"home-5","status":"publish","type":"page","link":"https:\/\/www.hoteleuropeo.it\/fr\/","title":{"rendered":"Home"},"content":{"rendered":"<div class=\"titolopagina\">\n<h1>H\u00f4tel de Sottomarina \u00e0 c\u00f4t\u00e9 de la plage<\/h1>\n<\/div>\n<div class=\"corpo-1\">\n<div class=\"colonna470\">\n<div class=\"txt-index\">\n<p><strong>H\u00f4tel 3 \u00e9toiles<\/strong> de <strong>Sottomarina \u00e0 proximit\u00e9<\/strong> de la <strong>plage<\/strong>, l\u2019H\u00f4tel Europeo est situ\u00e9 \u00e0 deux pas du bord de mer, dans un quartier paisible, \u00e0 l&rsquo;\u00e9cart du centre, id\u00e9al pour des <strong>vacances<\/strong> sous le signe de la d\u00e9tente et des loisirs, pour les couples et pour les <strong>familles avec enfants<\/strong>. <\/p>\n<p>Un service impeccable alli\u00e9 \u00e0 la sympathie d&rsquo;un <strong>personnel multilingue<\/strong> hautement professionnel, feront de votre s\u00e9jour dans des <strong>chambres spacieuses<\/strong> et confortables dont certaines donnent sur la <strong>mer<\/strong>, \u00e0 150 m\u00e8tres d&rsquo;une <strong>plage am\u00e9nag\u00e9e<\/strong> avec des chaises-longues et des parasols. <\/p>\n<p>L\u2019<strong>H\u00f4tel Europeo<\/strong> se trouve \u00e0 moins de 10 minutes de <strong>Chioggia<\/strong>, une ancienne ville maritime au riche pass\u00e9 historique et poss\u00e9dant plusieurs lieux suggestifs, \u00e0 environ une heure de <strong>Venise<\/strong>, facilement accessible en voiture ou en bateau. <\/p>\n<\/div>\n<\/div>\n<div class=\"colonna470\">\n<div class=\"box-offerte\">\n<h3>Offres Sp\u00e9ciales<\/h3>\n<div class=\"flexslider\" style=\"width:440px;\"><ul class=\"slides\"><li><a href=\"https:\/\/www.hoteleuropeo.it\/fr\/offers\/tutti-i-giorni-infrasettimanali-di-giugno-2025\/\"><\/a><div class=\"flex-caption\"><div class=\"original-price price-all\"><\/div><div class=\"reducted-price price-all\"><\/div><div class=\"clear\"><\/div><div class=\"clear\"><\/div><div class=\"offer_title\"><a href=\"https:\/\/www.hoteleuropeo.it\/fr\/offers\/tutti-i-giorni-infrasettimanali-di-giugno-2025\/\">Tutti i giorni infrasettimanali di Giugno  2025<\/a><\/div><\/div><\/li><li><a href=\"https:\/\/www.hoteleuropeo.it\/fr\/offers\/1726\/\"><\/a><div class=\"flex-caption\"><div class=\"original-price price-all\"><\/div><div class=\"reducted-price price-all\"><\/div><div class=\"clear\"><\/div><div class=\"clear\"><\/div><div class=\"offer_title\"><a href=\"https:\/\/www.hoteleuropeo.it\/fr\/offers\/1726\/\">SETTEMBRE MARE RELAX<\/a><\/div><\/div><\/li><li><a href=\"https:\/\/www.hoteleuropeo.it\/fr\/offers\/appartamenti-turistici-vicino-alla-spiaggia\/\"><img loading=\"lazy\" decoding=\"async\" width=\"440\" height=\"250\" src=\"https:\/\/www.hoteleuropeo.it\/wp-content\/uploads\/2013\/09\/Hotel-Europeo-Chioggia0181-440x250.jpg\" class=\"attachment-slider_medium_large size-slider_medium_large\" alt=\"\" \/><\/a><div class=\"flex-caption\"><div class=\"original-price price-all\"><\/div><div class=\"reducted-price price-all\"><\/div><div class=\"clear\"><\/div><div class=\"clear\"><\/div><div class=\"offer_title\"><a href=\"https:\/\/www.hoteleuropeo.it\/fr\/offers\/appartamenti-turistici-vicino-alla-spiaggia\/\">Appartamenti turistici vicino alla Spiaggia 2021<\/a><\/div><\/div><\/li><\/ul><\/div>\n<h4><a href=\"https:\/\/www.hoteleuropeo.it\/fr\/offres-speciales\/\" title=\"Offres Sp\u00e9ciales \">Acc\u00e9dez \u00e0 la liste compl\u00e8te<\/a><\/h4>\n<\/div>\n<\/div> <br clear=\"all\" \/>\n<\/div>\n<div class=\"corpo-box-1\">\n<div class=\"corpo-1\">\n<div class=\"colonna470\">\n<div class=\"txt-box\">\n<a href=\"https:\/\/www.hoteleuropeo.it\/fr\/hotel-europeo\/\"><img decoding=\"async\" src=\"https:\/\/www.hoteleuropeo.it\/wp-content\/themes\/hoteleuropeo\/img\/box_home-1.png\" \/><\/a><\/p>\n<h3>H\u00f4tel Europeo<\/h3>\n<p>Un s\u00e9jour sous le signe de la d\u00e9tente, des loisirs et du bien-\u00eatre&#8230;. Sur une plage merveilleuse, vos vacances \u00e0 la mer, avec tout le  confort et les services de l&rsquo;<strong><a href=\"https:\/\/www.hoteleuropeo.it\/fr\/hotel-europeo\/\">H\u00f4tel Europeo<\/a><\/strong> !<\/p>\n<h5><a href=\"https:\/\/www.hoteleuropeo.it\/fr\/hotel-europeo\/\">Aller \u00e0 la page<\/a><\/h5>\n<\/div>\n<\/div>\n<div class=\"colonna470\">\n<div class=\"txt-box\">\n<a href=\"https:\/\/www.hoteleuropeo.it\/fr\/residence-eur\/\"><img decoding=\"async\" src=\"https:\/\/www.hoteleuropeo.it\/wp-content\/themes\/hoteleuropeo\/img\/box_home-2.png\" \/><\/a><\/p>\n<h3>R\u00e9sidence Eur<\/h3>\n<p>Les plus belles journ\u00e9es pour votre famille ! Les appartements de la <strong><a href=\"https:\/\/www.hoteleuropeo.it\/fr\/residence-eur\/\">R\u00e9sidence Eur<\/a><\/strong> vous attendent pour des vacances ind\u00e9pendantes et de superbes journ\u00e9es avec vos enfants.<\/p>\n<h5><a href=\"https:\/\/www.hoteleuropeo.it\/fr\/residence-eur\/\">Aller \u00e0 la page<\/a><\/h5>\n<\/div>\n<\/div> <br clear=\"all\" \/>\n<\/div>\n<\/div>\n<div class=\"corpo-ipad-1\">\n<div class=\"corpo-1\">\n<div class=\"colonna620\">\n<div class=\"video-ipad\">\n<iframe loading=\"lazy\" width=\"455\" height=\"350\" src=\"https:\/\/www.youtube.com\/embed\/SAiMsU69tgU?rel=0\" frameborder=\"0\" allowfullscreen><\/iframe>\n<\/div>\n<\/div>\n<div class=\"colonna320\">\n<div class=\"txt-ipad\">\n<h2>D\u00e9couvrez Sottomarina et l\u2019H\u00f4tel Europeo !<\/h2>\n<p>Un voyage \u00e0 la d\u00e9couverte de l&rsquo;atmosph\u00e8re agr\u00e9able de vos prochaines vacances. Les chambres avec vue sur la mer, le restaurant, le parking et une plage enti\u00e8rement \u00e9quip\u00e9e sont quelques-unes des bonnes raisons de choisir l&rsquo;H\u00f4tel Europeo. <\/p>\n<\/div>\n<\/div> <br clear=\"all\" \/>\n<\/div>\n<\/div>\n<div class=\"corpo-eventi-1\">\n<div class=\"corpo-1\">\n<div class=\"box-eventi\">\n<h3>\u00c9v\u00e9nements<\/h3>\n<div class=\"gallery-view\"><div class=\"events-package-4\"><div class=\"fullsliderimg\"><a href=\"https:\/\/www.hoteleuropeo.it\/fr\/events\/evenements-en-ville\/\"><img loading=\"lazy\" decoding=\"async\" width=\"210\" height=\"210\" src=\"https:\/\/www.hoteleuropeo.it\/wp-content\/uploads\/2015\/05\/Paolo-Fidelfatti-210x210.jpg\" class=\"size-thumbnail\" alt=\"\" srcset=\"https:\/\/www.hoteleuropeo.it\/wp-content\/uploads\/2015\/05\/Paolo-Fidelfatti-210x210.jpg 210w, https:\/\/www.hoteleuropeo.it\/wp-content\/uploads\/2015\/05\/Paolo-Fidelfatti-150x150.jpg 150w, https:\/\/www.hoteleuropeo.it\/wp-content\/uploads\/2015\/05\/Paolo-Fidelfatti-250x250.jpg 250w, https:\/\/www.hoteleuropeo.it\/wp-content\/uploads\/2015\/05\/Paolo-Fidelfatti-32x32.jpg 32w, https:\/\/www.hoteleuropeo.it\/wp-content\/uploads\/2015\/05\/Paolo-Fidelfatti-128x128.jpg 128w, https:\/\/www.hoteleuropeo.it\/wp-content\/uploads\/2015\/05\/Paolo-Fidelfatti-268x268.jpg 268w, https:\/\/www.hoteleuropeo.it\/wp-content\/uploads\/2015\/05\/Paolo-Fidelfatti-440x440.jpg 440w\" sizes=\"auto, (max-width: 210px) 100vw, 210px\" \/><\/a><div class=\"background-events-gallery\"><img decoding=\"async\" src=\"https:\/\/www.hoteleuropeo.it\/wp-content\/uploads\/2013\/09\/bkg-white704.png\" ><div class=\"highlight-text-gallery\"><a href=\"https:\/\/www.hoteleuropeo.it\/fr\/events\/evenements-en-ville\/\">\u00c9v\u00e9nement local<\/a><\/div><\/div><div class=\"background-tag-gallery\"><img decoding=\"async\" src=\"https:\/\/www.hoteleuropeo.it\/wp-content\/uploads\/2014\/06\/EventoLocale1-e1417525720970.png\" ><\/div><\/div><div class=\"original-price\"><\/div><div class=\"reducted-price\"><\/div><div class=\"clear\"><\/div><div class=\"events_title\"><a href=\"https:\/\/www.hoteleuropeo.it\/fr\/events\/evenements-en-ville\/\">Ev\u00e9nements en ville<\/a><\/div><div class=\"package-gallery\"><\/div><\/div><\/div>\n<h4><a href=\"https:\/\/www.hoteleuropeo.it\/fr\/evenements-venise\/\" title=\"\u00c9v\u00e9nements\">Acc\u00e9dez \u00e0 la liste compl\u00e8te<\/a><\/h4>\n<\/div>\n<p><br clear=\"all\" \/>\n<\/div>\n<\/div>\n","protected":false},"excerpt":{"rendered":"<p>H\u00f4tel de Sottomarina \u00e0 c\u00f4t\u00e9 de la plage \u00c9v\u00e9nements Acc\u00e9dez \u00e0 la liste compl\u00e8te<\/p>\n","protected":false},"author":28,"featured_media":0,"parent":0,"menu_order":0,"comment_status":"open","ping_status":"open","template":"mappa_footer.php","meta":{"footnotes":""},"class_list":["post-115","page","type-page","status-publish","hentry"],"yoast_head":"<!-- This site is optimized with the Yoast SEO plugin v25.7 - https:\/\/yoast.com\/wordpress\/plugins\/seo\/ -->\n<title>H\u00f4tel 3 \u00e9toiles pr\u00e8s de la plage de Sottomarina | H\u00f4tel Europeo Site Officiel<\/title>\n<meta name=\"description\" content=\"H\u00f4tel 3 \u00e9toiles pr\u00e8s de la plage de Sottomarina, l&#039;H\u00f4tel Europeo propose des services pour les familles, des chambres avec vue et de la plage avec transats et parasols \u00e0 seulement 150 m\u00e8tres. H\u00f4tel pratique pour visiter Venise et de Chioggia.\" \/>\n<meta name=\"robots\" content=\"index, follow, max-snippet:-1, max-image-preview:large, max-video-preview:-1\" \/>\n<link rel=\"canonical\" href=\"https:\/\/www.hoteleuropeo.it\/fr\/\" \/>\n<meta property=\"og:locale\" content=\"fr_FR\" \/>\n<meta property=\"og:type\" content=\"article\" \/>\n<meta property=\"og:title\" content=\"H\u00f4tel 3 \u00e9toiles pr\u00e8s de la plage de Sottomarina | H\u00f4tel Europeo Site Officiel\" \/>\n<meta property=\"og:description\" content=\"H\u00f4tel 3 \u00e9toiles pr\u00e8s de la plage de Sottomarina, l&#039;H\u00f4tel Europeo propose des services pour les familles, des chambres avec vue et de la plage avec transats et parasols \u00e0 seulement 150 m\u00e8tres. H\u00f4tel pratique pour visiter Venise et de Chioggia.\" \/>\n<meta property=\"og:url\" content=\"https:\/\/www.hoteleuropeo.it\/fr\/\" \/>\n<meta property=\"og:site_name\" content=\"Hotel Europeo\" \/>\n<meta property=\"article:modified_time\" content=\"2020-05-14T10:27:10+00:00\" \/>\n<meta property=\"og:image\" content=\"https:\/\/www.hoteleuropeo.it\/wp-content\/themes\/hoteleuropeo\/img\/box_home-1.png\" \/>\n<meta name=\"twitter:label1\" content=\"Dur\u00e9e de lecture estim\u00e9e\" \/>\n\t<meta name=\"twitter:data1\" content=\"2 minutes\" \/>\n<script type=\"application\/ld+json\" class=\"yoast-schema-graph\">{\"@context\":\"https:\/\/schema.org\",\"@graph\":[{\"@type\":\"WebPage\",\"@id\":\"https:\/\/www.hoteleuropeo.it\/fr\/\",\"url\":\"https:\/\/www.hoteleuropeo.it\/fr\/\",\"name\":\"H\u00f4tel 3 \u00e9toiles pr\u00e8s de la plage de Sottomarina | H\u00f4tel Europeo Site Officiel\",\"isPartOf\":{\"@id\":\"https:\/\/www.hoteleuropeo.it\/fr\/#website\"},\"primaryImageOfPage\":{\"@id\":\"https:\/\/www.hoteleuropeo.it\/fr\/#primaryimage\"},\"image\":{\"@id\":\"https:\/\/www.hoteleuropeo.it\/fr\/#primaryimage\"},\"thumbnailUrl\":\"https:\/\/www.hoteleuropeo.it\/wp-content\/themes\/hoteleuropeo\/img\/box_home-1.png\",\"datePublished\":\"2013-09-03T15:09:08+00:00\",\"dateModified\":\"2020-05-14T10:27:10+00:00\",\"description\":\"H\u00f4tel 3 \u00e9toiles pr\u00e8s de la plage de Sottomarina, l'H\u00f4tel Europeo propose des services pour les familles, des chambres avec vue et de la plage avec transats et parasols \u00e0 seulement 150 m\u00e8tres. H\u00f4tel pratique pour visiter Venise et de Chioggia.\",\"breadcrumb\":{\"@id\":\"https:\/\/www.hoteleuropeo.it\/fr\/#breadcrumb\"},\"inLanguage\":\"fr-FR\",\"potentialAction\":[{\"@type\":\"ReadAction\",\"target\":[\"https:\/\/www.hoteleuropeo.it\/fr\/\"]}]},{\"@type\":\"ImageObject\",\"inLanguage\":\"fr-FR\",\"@id\":\"https:\/\/www.hoteleuropeo.it\/fr\/#primaryimage\",\"url\":\"https:\/\/www.hoteleuropeo.it\/wp-content\/themes\/hoteleuropeo\/img\/box_home-1.png\",\"contentUrl\":\"https:\/\/www.hoteleuropeo.it\/wp-content\/themes\/hoteleuropeo\/img\/box_home-1.png\"},{\"@type\":\"BreadcrumbList\",\"@id\":\"https:\/\/www.hoteleuropeo.it\/fr\/#breadcrumb\",\"itemListElement\":[{\"@type\":\"ListItem\",\"position\":1,\"name\":\"Home\",\"item\":\"https:\/\/www.hoteleuropeo.it\/fr\/\"},{\"@type\":\"ListItem\",\"position\":2,\"name\":\"Home\"}]},{\"@type\":\"WebSite\",\"@id\":\"https:\/\/www.hoteleuropeo.it\/fr\/#website\",\"url\":\"https:\/\/www.hoteleuropeo.it\/fr\/\",\"name\":\"Hotel Europeo\",\"description\":\"Just another Nozio site\",\"potentialAction\":[{\"@type\":\"SearchAction\",\"target\":{\"@type\":\"EntryPoint\",\"urlTemplate\":\"https:\/\/www.hoteleuropeo.it\/fr\/?s={search_term_string}\"},\"query-input\":{\"@type\":\"PropertyValueSpecification\",\"valueRequired\":true,\"valueName\":\"search_term_string\"}}],\"inLanguage\":\"fr-FR\"}]}<\/script>\n<!-- \/ Yoast SEO plugin. -->","yoast_head_json":{"title":"H\u00f4tel 3 \u00e9toiles pr\u00e8s de la plage de Sottomarina | H\u00f4tel Europeo Site Officiel","description":"H\u00f4tel 3 \u00e9toiles pr\u00e8s de la plage de Sottomarina, l'H\u00f4tel Europeo propose des services pour les familles, des chambres avec vue et de la plage avec transats et parasols \u00e0 seulement 150 m\u00e8tres. H\u00f4tel pratique pour visiter Venise et de Chioggia.","robots":{"index":"index","follow":"follow","max-snippet":"max-snippet:-1","max-image-preview":"max-image-preview:large","max-video-preview":"max-video-preview:-1"},"canonical":"https:\/\/www.hoteleuropeo.it\/fr\/","og_locale":"fr_FR","og_type":"article","og_title":"H\u00f4tel 3 \u00e9toiles pr\u00e8s de la plage de Sottomarina | H\u00f4tel Europeo Site Officiel","og_description":"H\u00f4tel 3 \u00e9toiles pr\u00e8s de la plage de Sottomarina, l'H\u00f4tel Europeo propose des services pour les familles, des chambres avec vue et de la plage avec transats et parasols \u00e0 seulement 150 m\u00e8tres. H\u00f4tel pratique pour visiter Venise et de Chioggia.","og_url":"https:\/\/www.hoteleuropeo.it\/fr\/","og_site_name":"Hotel Europeo","article_modified_time":"2020-05-14T10:27:10+00:00","og_image":[{"url":"https:\/\/www.hoteleuropeo.it\/wp-content\/themes\/hoteleuropeo\/img\/box_home-1.png","type":"","width":"","height":""}],"twitter_misc":{"Dur\u00e9e de lecture estim\u00e9e":"2 minutes"},"schema":{"@context":"https:\/\/schema.org","@graph":[{"@type":"WebPage","@id":"https:\/\/www.hoteleuropeo.it\/fr\/","url":"https:\/\/www.hoteleuropeo.it\/fr\/","name":"H\u00f4tel 3 \u00e9toiles pr\u00e8s de la plage de Sottomarina | H\u00f4tel Europeo Site Officiel","isPartOf":{"@id":"https:\/\/www.hoteleuropeo.it\/fr\/#website"},"primaryImageOfPage":{"@id":"https:\/\/www.hoteleuropeo.it\/fr\/#primaryimage"},"image":{"@id":"https:\/\/www.hoteleuropeo.it\/fr\/#primaryimage"},"thumbnailUrl":"https:\/\/www.hoteleuropeo.it\/wp-content\/themes\/hoteleuropeo\/img\/box_home-1.png","datePublished":"2013-09-03T15:09:08+00:00","dateModified":"2020-05-14T10:27:10+00:00","description":"H\u00f4tel 3 \u00e9toiles pr\u00e8s de la plage de Sottomarina, l'H\u00f4tel Europeo propose des services pour les familles, des chambres avec vue et de la plage avec transats et parasols \u00e0 seulement 150 m\u00e8tres. H\u00f4tel pratique pour visiter Venise et de Chioggia.","breadcrumb":{"@id":"https:\/\/www.hoteleuropeo.it\/fr\/#breadcrumb"},"inLanguage":"fr-FR","potentialAction":[{"@type":"ReadAction","target":["https:\/\/www.hoteleuropeo.it\/fr\/"]}]},{"@type":"ImageObject","inLanguage":"fr-FR","@id":"https:\/\/www.hoteleuropeo.it\/fr\/#primaryimage","url":"https:\/\/www.hoteleuropeo.it\/wp-content\/themes\/hoteleuropeo\/img\/box_home-1.png","contentUrl":"https:\/\/www.hoteleuropeo.it\/wp-content\/themes\/hoteleuropeo\/img\/box_home-1.png"},{"@type":"BreadcrumbList","@id":"https:\/\/www.hoteleuropeo.it\/fr\/#breadcrumb","itemListElement":[{"@type":"ListItem","position":1,"name":"Home","item":"https:\/\/www.hoteleuropeo.it\/fr\/"},{"@type":"ListItem","position":2,"name":"Home"}]},{"@type":"WebSite","@id":"https:\/\/www.hoteleuropeo.it\/fr\/#website","url":"https:\/\/www.hoteleuropeo.it\/fr\/","name":"Hotel Europeo","description":"Just another Nozio site","potentialAction":[{"@type":"SearchAction","target":{"@type":"EntryPoint","urlTemplate":"https:\/\/www.hoteleuropeo.it\/fr\/?s={search_term_string}"},"query-input":{"@type":"PropertyValueSpecification","valueRequired":true,"valueName":"search_term_string"}}],"inLanguage":"fr-FR"}]}},"publishpress_future_action":{"enabled":false,"date":"2026-04-29 11:45:03","action":"change-status","newStatus":"draft","terms":[],"taxonomy":"translation_priority","extraData":[]},"publishpress_future_workflow_manual_trigger":{"enabledWorkflows":[]},"_links":{"self":[{"href":"https:\/\/www.hoteleuropeo.it\/fr\/wp-json\/wp\/v2\/pages\/115","targetHints":{"allow":["GET"]}}],"collection":[{"href":"https:\/\/www.hoteleuropeo.it\/fr\/wp-json\/wp\/v2\/pages"}],"about":[{"href":"https:\/\/www.hoteleuropeo.it\/fr\/wp-json\/wp\/v2\/types\/page"}],"author":[{"embeddable":true,"href":"https:\/\/www.hoteleuropeo.it\/fr\/wp-json\/wp\/v2\/users\/28"}],"replies":[{"embeddable":true,"href":"https:\/\/www.hoteleuropeo.it\/fr\/wp-json\/wp\/v2\/comments?post=115"}],"version-history":[{"count":8,"href":"https:\/\/www.hoteleuropeo.it\/fr\/wp-json\/wp\/v2\/pages\/115\/revisions"}],"predecessor-version":[{"id":1526,"href":"https:\/\/www.hoteleuropeo.it\/fr\/wp-json\/wp\/v2\/pages\/115\/revisions\/1526"}],"wp:attachment":[{"href":"https:\/\/www.hoteleuropeo.it\/fr\/wp-json\/wp\/v2\/media?parent=115"}],"curies":[{"name":"wp","href":"https:\/\/api.w.org\/{rel}","templated":true}]}}