{"id":1086,"date":"2015-06-09T09:02:10","date_gmt":"2015-06-09T09:02:10","guid":{"rendered":"https:\/\/www.hoteleuropeo.it\/?page_id=1086"},"modified":"2019-01-31T11:21:50","modified_gmt":"2019-01-31T11:21:50","slug":"residence-eur","status":"publish","type":"page","link":"https:\/\/www.hoteleuropeo.it\/fr\/residence-eur\/","title":{"rendered":"Residence EUR"},"content":{"rendered":"<div class=\"corpo-1\">\n<div class=\"colonna470\">\n<div class=\"txt-interno\">\n<h2>R\u00e9sidence EUR<\/h2>\n<p>L\u2019H\u00f4tel Europeo de <strong>Sottomarina<\/strong> vous offre une alternative \u00e0 l&rsquo;h\u00e9bergement dans la <strong>Residence EUR<\/strong>, dans des <strong>appartements de vacances<\/strong> deux-pi\u00e8ces et trois-pi\u00e8ces, parfaits pour un s\u00e9jour ind\u00e9pendant \u00e0 150 m\u00e8tres de la mer. <\/p>\n<p>La r\u00e9sidence est situ\u00e9e dans un b\u00e2timent adjacent, reli\u00e9 \u00e0 l&rsquo;h\u00f4tel, avec un <strong> jardin<\/strong> clos, un parking, un <strong>ascenseur<\/strong>, une buanderie commune et tout le confort moderne. <\/p>\n<h3>Confort<\/h3>\n<ul>\n<li>Ascenseur<\/li>\n<li>Lave-vaisselle (Type A)<\/li>\n<li>Micro-ondes (Type A)<\/li>\n<li>Machine \u00e0 laver<\/li>\n<li>Non-fumeurs<\/li>\n<li>Avec terrasse<\/li>\n<li>Wi-Fi<\/li>\n<li>Ligne t\u00e9l\u00e9phonique directe<\/li>\n<li>TV par satellite<\/li>\n<li>Climatisation \/ chauffage (individuel)<\/li>\n<li>Cadeau de bienvenue (Type A)<\/li>\n<li>Douche<\/li>\n<li>Kit de courtoisie<\/li>\n<li>S\u00e8che-cheveux<\/li>\n<li>Service de plage (parasol + chaise-longue, type A)<\/li>\n<li>Salle de jeux<\/li>\n<li>Blanchisserie (avec suppl\u00e9ment)<\/li>\n<li>Garage (avec suppl\u00e9ment)<\/li>\n<\/ul>\n<\/div>\n<\/div>\n<div class=\"colonna470\">\n<div class=\"box-offerte\">\n<h3>Offres Sp\u00e9ciales<\/h3>\n<div class=\"flexslider\" style=\"width:440px;\"><ul class=\"slides\"><li><a href=\"https:\/\/www.hoteleuropeo.it\/fr\/offers\/tutti-i-giorni-infrasettimanali-di-giugno-2025\/\"><\/a><div class=\"flex-caption\"><div class=\"original-price price-all\"><\/div><div class=\"reducted-price price-all\"><\/div><div class=\"clear\"><\/div><div class=\"clear\"><\/div><div class=\"offer_title\"><a href=\"https:\/\/www.hoteleuropeo.it\/fr\/offers\/tutti-i-giorni-infrasettimanali-di-giugno-2025\/\">Tutti i giorni infrasettimanali di Giugno  2025<\/a><\/div><\/div><\/li><li><a href=\"https:\/\/www.hoteleuropeo.it\/fr\/offers\/1726\/\"><\/a><div class=\"flex-caption\"><div class=\"original-price price-all\"><\/div><div class=\"reducted-price price-all\"><\/div><div class=\"clear\"><\/div><div class=\"clear\"><\/div><div class=\"offer_title\"><a href=\"https:\/\/www.hoteleuropeo.it\/fr\/offers\/1726\/\">SETTEMBRE MARE RELAX<\/a><\/div><\/div><\/li><li><a href=\"https:\/\/www.hoteleuropeo.it\/fr\/offers\/appartamenti-turistici-vicino-alla-spiaggia\/\"><img loading=\"lazy\" decoding=\"async\" width=\"440\" height=\"250\" src=\"https:\/\/www.hoteleuropeo.it\/wp-content\/uploads\/2013\/09\/Hotel-Europeo-Chioggia0181-440x250.jpg\" class=\"attachment-slider_medium_large size-slider_medium_large\" alt=\"\" \/><\/a><div class=\"flex-caption\"><div class=\"original-price price-all\"><\/div><div class=\"reducted-price price-all\"><\/div><div class=\"clear\"><\/div><div class=\"clear\"><\/div><div class=\"offer_title\"><a href=\"https:\/\/www.hoteleuropeo.it\/fr\/offers\/appartamenti-turistici-vicino-alla-spiaggia\/\">Appartamenti turistici vicino alla Spiaggia 2021<\/a><\/div><\/div><\/li><\/ul><\/div>\n<h4><a href=\"https:\/\/www.hoteleuropeo.it\/fr\/offres-speciales\/\" title=\"Offres Sp\u00e9ciales \">Acc\u00e9dez \u00e0 la liste compl\u00e8te<\/a><\/h4>\n<\/div>\n<h3>Espaces<\/h3>\n<ul class=\"listeservizi\">\n<li>Accessible aux personnes \u00e0 la mobilit\u00e9 r\u00e9duite<\/li>\n<li>Cuisine \u00e9quip\u00e9e<\/li>\n<li>S\u00e9jour avec coin cuisine<\/li>\n<li>Chambre quadruple (Type A)<\/li>\n<li>Salle d\u2019eau <\/li>\n<\/ul>\n<\/div> <br clear=\"all\" \/>\n<\/div>\n<div class=\"corpo-camere-1\">\n<div class=\"corpo-1\">\n<h2>Nos appartements<\/h2>\n<div class=\"colonna470\">\n<div class=\"txt-camere\">\n<a class=\"thickbox\" href=\"https:\/\/www.hoteleuropeo.it\/wp-content\/uploads\/2015\/05\/Hotel-Europeo-Chioggia0171.jpg\"><img loading=\"lazy\" decoding=\"async\" src=\"https:\/\/www.hoteleuropeo.it\/wp-content\/uploads\/2015\/05\/Hotel-Europeo-Chioggia0171-250x250.jpg\" alt=\"H\u00f4tel Europeo\" width=\"250\" height=\"250\" class=\"oblo\" \/><\/a><\/p>\n<h3>Type A<\/h3>\n<p>Appartement de vacances avec une grande terrasse, l&rsquo;air conditionn\u00e9, la t\u00e9l\u00e9vision par satellite et le Wi-Fi. Il dispose d&rsquo;une cuisine, d&rsquo;un micro-ondes et d&rsquo;un lave-vaisselle. Acc\u00e8s \u00e0 la plage priv\u00e9e avec des chaises de plage et parasol. Maximum 6 personnes. <\/p>\n<\/div>\n<div class=\"liste\">\n<h3>Versions<\/h3>\n<ul>\n<li>Deux pi\u00e8ces<\/li>\n<li>Trois pi\u00e8ces<\/li>\n<\/ul>\n<\/div>\n<h5 class=\"pulsante\"><a href=\"https:\/\/book2.nozio.com\/accommodation\/list?channelId=e33a2b1a-a71e-4a44-9495-2c428408fb6f&#038;culture=fr\">R\u00e9servez maintenant\u00a0<\/a><\/h5>\n<\/div>\n<div class=\"colonna470\">\n<div class=\"txt-camere\">\n<a class=\"thickbox\" href=\"https:\/\/www.hoteleuropeo.it\/wp-content\/uploads\/2015\/05\/Hotel-Europeo-Chioggia0211.jpg\"><img loading=\"lazy\" decoding=\"async\" src=\"https:\/\/www.hoteleuropeo.it\/wp-content\/uploads\/2015\/05\/Hotel-Europeo-Chioggia0211-250x250.jpg\" alt=\"H\u00f4tel Europeo\" width=\"250\" height=\"250\" class=\"oblo\" \/><\/a><\/p>\n<h3>Type B<\/h3>\n<p>Appartement de vacances avec terrasse, agr\u00e9able et confortable, \u00e9quip\u00e9 de tout le confort, climatisation, TV satellite et Wi-Fi. Cuisine \u00e9quip\u00e9e Maximum 6 personnes. <\/p>\n<\/div>\n<div class=\"liste\">\n<h3>Versions<\/h3>\n<ul>\n<li>Deux pi\u00e8ces<\/li>\n<li>Trois pi\u00e8ces<\/li>\n<\/ul>\n<\/div>\n<h5 class=\"pulsante\"><a href=\"https:\/\/book2.nozio.com\/accommodation\/list?channelId=e33a2b1a-a71e-4a44-9495-2c428408fb6f&#038;culture=fr\">R\u00e9servez maintenant\u00a0<\/a><\/h5>\n<\/div> <br clear=\"all\" \/><\/p>\n<div class=\"gallery-residence\">\n\t\t<style type=\"text\/css\">\n\t\t\t#gallery-1 {\n\t\t\t\tmargin: auto;\n\t\t\t}\n\t\t\t#gallery-1 .gallery-item {\n\t\t\t\tfloat: left;\n\t\t\t\tmargin-top: 10px;\n\t\t\t\ttext-align: center;\n\t\t\t\twidth: 14%;\n\t\t\t}\n\t\t\t#gallery-1 img {\n\t\t\t\tborder: 2px solid #cfcfcf;\n\t\t\t}\n\t\t\t#gallery-1 .gallery-caption {\n\t\t\t\tmargin-left: 0;\n\t\t\t}\n\t\t\t\/* see gallery_shortcode() in wp-includes\/media.php *\/\n\t\t<\/style>\n\t\t<div id='gallery-1' class='gallery galleryid-1533 gallery-columns-7 gallery-size-thumbnail'><dl class='gallery-item'>\n\t\t\t<dt class='gallery-icon landscape'>\n\t\t\t\t<a href='https:\/\/www.hoteleuropeo.it\/wp-content\/uploads\/2015\/05\/Hotel-Europeo-Chioggia018.jpg'><img loading=\"lazy\" decoding=\"async\" width=\"150\" height=\"150\" src=\"https:\/\/www.hoteleuropeo.it\/wp-content\/uploads\/2015\/05\/Hotel-Europeo-Chioggia018-150x150.jpg\" class=\"attachment-thumbnail size-thumbnail\" alt=\"\" srcset=\"https:\/\/www.hoteleuropeo.it\/wp-content\/uploads\/2015\/05\/Hotel-Europeo-Chioggia018-150x150.jpg 150w, https:\/\/www.hoteleuropeo.it\/wp-content\/uploads\/2015\/05\/Hotel-Europeo-Chioggia018-250x250.jpg 250w, https:\/\/www.hoteleuropeo.it\/wp-content\/uploads\/2015\/05\/Hotel-Europeo-Chioggia018-32x32.jpg 32w, https:\/\/www.hoteleuropeo.it\/wp-content\/uploads\/2015\/05\/Hotel-Europeo-Chioggia018-128x128.jpg 128w, https:\/\/www.hoteleuropeo.it\/wp-content\/uploads\/2015\/05\/Hotel-Europeo-Chioggia018-210x210.jpg 210w, https:\/\/www.hoteleuropeo.it\/wp-content\/uploads\/2015\/05\/Hotel-Europeo-Chioggia018-268x268.jpg 268w, https:\/\/www.hoteleuropeo.it\/wp-content\/uploads\/2015\/05\/Hotel-Europeo-Chioggia018-440x440.jpg 440w\" sizes=\"auto, (max-width: 150px) 100vw, 150px\" \/><\/a>\n\t\t\t<\/dt><\/dl><dl class='gallery-item'>\n\t\t\t<dt class='gallery-icon landscape'>\n\t\t\t\t<a href='https:\/\/www.hoteleuropeo.it\/wp-content\/uploads\/2015\/05\/Hotel-Europeo-Chioggia019.jpg'><img loading=\"lazy\" decoding=\"async\" width=\"150\" height=\"150\" src=\"https:\/\/www.hoteleuropeo.it\/wp-content\/uploads\/2015\/05\/Hotel-Europeo-Chioggia019-150x150.jpg\" class=\"attachment-thumbnail size-thumbnail\" alt=\"\" srcset=\"https:\/\/www.hoteleuropeo.it\/wp-content\/uploads\/2015\/05\/Hotel-Europeo-Chioggia019-150x150.jpg 150w, https:\/\/www.hoteleuropeo.it\/wp-content\/uploads\/2015\/05\/Hotel-Europeo-Chioggia019-250x250.jpg 250w, https:\/\/www.hoteleuropeo.it\/wp-content\/uploads\/2015\/05\/Hotel-Europeo-Chioggia019-32x32.jpg 32w, https:\/\/www.hoteleuropeo.it\/wp-content\/uploads\/2015\/05\/Hotel-Europeo-Chioggia019-128x128.jpg 128w, https:\/\/www.hoteleuropeo.it\/wp-content\/uploads\/2015\/05\/Hotel-Europeo-Chioggia019-210x210.jpg 210w, https:\/\/www.hoteleuropeo.it\/wp-content\/uploads\/2015\/05\/Hotel-Europeo-Chioggia019-268x268.jpg 268w, https:\/\/www.hoteleuropeo.it\/wp-content\/uploads\/2015\/05\/Hotel-Europeo-Chioggia019-440x440.jpg 440w\" sizes=\"auto, (max-width: 150px) 100vw, 150px\" \/><\/a>\n\t\t\t<\/dt><\/dl><dl class='gallery-item'>\n\t\t\t<dt class='gallery-icon landscape'>\n\t\t\t\t<a href='https:\/\/www.hoteleuropeo.it\/wp-content\/uploads\/2015\/05\/SAM_0929.jpg'><img loading=\"lazy\" decoding=\"async\" width=\"150\" height=\"150\" src=\"https:\/\/www.hoteleuropeo.it\/wp-content\/uploads\/2015\/05\/SAM_0929-150x150.jpg\" class=\"attachment-thumbnail size-thumbnail\" alt=\"\" srcset=\"https:\/\/www.hoteleuropeo.it\/wp-content\/uploads\/2015\/05\/SAM_0929-150x150.jpg 150w, https:\/\/www.hoteleuropeo.it\/wp-content\/uploads\/2015\/05\/SAM_0929-250x250.jpg 250w, https:\/\/www.hoteleuropeo.it\/wp-content\/uploads\/2015\/05\/SAM_0929-32x32.jpg 32w, https:\/\/www.hoteleuropeo.it\/wp-content\/uploads\/2015\/05\/SAM_0929-128x128.jpg 128w, https:\/\/www.hoteleuropeo.it\/wp-content\/uploads\/2015\/05\/SAM_0929-210x210.jpg 210w, https:\/\/www.hoteleuropeo.it\/wp-content\/uploads\/2015\/05\/SAM_0929-268x268.jpg 268w, https:\/\/www.hoteleuropeo.it\/wp-content\/uploads\/2015\/05\/SAM_0929-440x440.jpg 440w\" sizes=\"auto, (max-width: 150px) 100vw, 150px\" \/><\/a>\n\t\t\t<\/dt><\/dl><dl class='gallery-item'>\n\t\t\t<dt class='gallery-icon landscape'>\n\t\t\t\t<a href='https:\/\/www.hoteleuropeo.it\/wp-content\/uploads\/2015\/05\/SAM_0930.jpg'><img loading=\"lazy\" decoding=\"async\" width=\"150\" height=\"150\" src=\"https:\/\/www.hoteleuropeo.it\/wp-content\/uploads\/2015\/05\/SAM_0930-150x150.jpg\" class=\"attachment-thumbnail size-thumbnail\" alt=\"\" srcset=\"https:\/\/www.hoteleuropeo.it\/wp-content\/uploads\/2015\/05\/SAM_0930-150x150.jpg 150w, https:\/\/www.hoteleuropeo.it\/wp-content\/uploads\/2015\/05\/SAM_0930-250x250.jpg 250w, https:\/\/www.hoteleuropeo.it\/wp-content\/uploads\/2015\/05\/SAM_0930-32x32.jpg 32w, https:\/\/www.hoteleuropeo.it\/wp-content\/uploads\/2015\/05\/SAM_0930-128x128.jpg 128w, https:\/\/www.hoteleuropeo.it\/wp-content\/uploads\/2015\/05\/SAM_0930-210x210.jpg 210w, https:\/\/www.hoteleuropeo.it\/wp-content\/uploads\/2015\/05\/SAM_0930-268x268.jpg 268w, https:\/\/www.hoteleuropeo.it\/wp-content\/uploads\/2015\/05\/SAM_0930-440x440.jpg 440w\" sizes=\"auto, (max-width: 150px) 100vw, 150px\" \/><\/a>\n\t\t\t<\/dt><\/dl>\n\t\t\t<br style='clear: both' \/>\n\t\t<\/div>\n<\/div>\n<\/div>\n<\/div>\n","protected":false},"excerpt":{"rendered":"<p>Nos appartements<\/p>\n","protected":false},"author":28,"featured_media":0,"parent":0,"menu_order":0,"comment_status":"open","ping_status":"open","template":"page-eur.php","meta":{"footnotes":""},"class_list":["post-1086","page","type-page","status-publish","hentry"],"yoast_head":"<!-- This site is optimized with the Yoast SEO plugin v25.7 - https:\/\/yoast.com\/wordpress\/plugins\/seo\/ -->\n<title>Residence EUR - Hotel Europeo<\/title>\n<meta name=\"description\" content=\"Residence EUR, H\u00f4tel Europeo: 3 h\u00f4tel \u00e9toiles \u00e0 Sottomarina pr\u00e8s de la plage. Fournit des services pour les familles et des chambres avec vue. La plage est \u00e0 distance de marche. Pratique pour Venise.\" \/>\n<meta name=\"robots\" content=\"index, follow, max-snippet:-1, max-image-preview:large, max-video-preview:-1\" \/>\n<link rel=\"canonical\" href=\"https:\/\/www.hoteleuropeo.it\/fr\/residence-eur\/\" \/>\n<meta property=\"og:locale\" content=\"fr_FR\" \/>\n<meta property=\"og:type\" content=\"article\" \/>\n<meta property=\"og:title\" content=\"Residence EUR - Hotel Europeo\" \/>\n<meta property=\"og:description\" content=\"Residence EUR, H\u00f4tel Europeo: 3 h\u00f4tel \u00e9toiles \u00e0 Sottomarina pr\u00e8s de la plage. Fournit des services pour les familles et des chambres avec vue. La plage est \u00e0 distance de marche. Pratique pour Venise.\" \/>\n<meta property=\"og:url\" content=\"https:\/\/www.hoteleuropeo.it\/fr\/residence-eur\/\" \/>\n<meta property=\"og:site_name\" content=\"Hotel Europeo\" \/>\n<meta property=\"article:modified_time\" content=\"2019-01-31T11:21:50+00:00\" \/>\n<meta property=\"og:image\" content=\"https:\/\/www.hoteleuropeo.it\/wp-content\/uploads\/2015\/05\/Hotel-Europeo-Chioggia018-150x150.jpg\" \/>\n<meta name=\"twitter:label1\" content=\"Dur\u00e9e de lecture estim\u00e9e\" \/>\n\t<meta name=\"twitter:data1\" content=\"1 minute\" \/>\n<script type=\"application\/ld+json\" class=\"yoast-schema-graph\">{\"@context\":\"https:\/\/schema.org\",\"@graph\":[{\"@type\":\"WebPage\",\"@id\":\"https:\/\/www.hoteleuropeo.it\/fr\/residence-eur\/\",\"url\":\"https:\/\/www.hoteleuropeo.it\/fr\/residence-eur\/\",\"name\":\"Residence EUR - Hotel Europeo\",\"isPartOf\":{\"@id\":\"https:\/\/www.hoteleuropeo.it\/fr\/#website\"},\"primaryImageOfPage\":{\"@id\":\"https:\/\/www.hoteleuropeo.it\/fr\/residence-eur\/#primaryimage\"},\"image\":{\"@id\":\"https:\/\/www.hoteleuropeo.it\/fr\/residence-eur\/#primaryimage\"},\"thumbnailUrl\":\"https:\/\/www.hoteleuropeo.it\/wp-content\/uploads\/2015\/05\/Hotel-Europeo-Chioggia0171-250x250.jpg\",\"datePublished\":\"2015-06-09T09:02:10+00:00\",\"dateModified\":\"2019-01-31T11:21:50+00:00\",\"description\":\"Residence EUR, H\u00f4tel Europeo: 3 h\u00f4tel \u00e9toiles \u00e0 Sottomarina pr\u00e8s de la plage. Fournit des services pour les familles et des chambres avec vue. La plage est \u00e0 distance de marche. Pratique pour Venise.\",\"breadcrumb\":{\"@id\":\"https:\/\/www.hoteleuropeo.it\/fr\/residence-eur\/#breadcrumb\"},\"inLanguage\":\"fr-FR\",\"potentialAction\":[{\"@type\":\"ReadAction\",\"target\":[\"https:\/\/www.hoteleuropeo.it\/fr\/residence-eur\/\"]}]},{\"@type\":\"ImageObject\",\"inLanguage\":\"fr-FR\",\"@id\":\"https:\/\/www.hoteleuropeo.it\/fr\/residence-eur\/#primaryimage\",\"url\":\"https:\/\/www.hoteleuropeo.it\/wp-content\/uploads\/2015\/05\/Hotel-Europeo-Chioggia0171-250x250.jpg\",\"contentUrl\":\"https:\/\/www.hoteleuropeo.it\/wp-content\/uploads\/2015\/05\/Hotel-Europeo-Chioggia0171-250x250.jpg\"},{\"@type\":\"BreadcrumbList\",\"@id\":\"https:\/\/www.hoteleuropeo.it\/fr\/residence-eur\/#breadcrumb\",\"itemListElement\":[{\"@type\":\"ListItem\",\"position\":1,\"name\":\"Home\",\"item\":\"https:\/\/mobile.hoteleuropeo.it\/fr\/\"},{\"@type\":\"ListItem\",\"position\":2,\"name\":\"Residence EUR\"}]},{\"@type\":\"WebSite\",\"@id\":\"https:\/\/www.hoteleuropeo.it\/fr\/#website\",\"url\":\"https:\/\/www.hoteleuropeo.it\/fr\/\",\"name\":\"Hotel Europeo\",\"description\":\"Just another Nozio site\",\"potentialAction\":[{\"@type\":\"SearchAction\",\"target\":{\"@type\":\"EntryPoint\",\"urlTemplate\":\"https:\/\/www.hoteleuropeo.it\/fr\/?s={search_term_string}\"},\"query-input\":{\"@type\":\"PropertyValueSpecification\",\"valueRequired\":true,\"valueName\":\"search_term_string\"}}],\"inLanguage\":\"fr-FR\"}]}<\/script>\n<!-- \/ Yoast SEO plugin. -->","yoast_head_json":{"title":"Residence EUR - Hotel Europeo","description":"Residence EUR, H\u00f4tel Europeo: 3 h\u00f4tel \u00e9toiles \u00e0 Sottomarina pr\u00e8s de la plage. Fournit des services pour les familles et des chambres avec vue. La plage est \u00e0 distance de marche. Pratique pour Venise.","robots":{"index":"index","follow":"follow","max-snippet":"max-snippet:-1","max-image-preview":"max-image-preview:large","max-video-preview":"max-video-preview:-1"},"canonical":"https:\/\/www.hoteleuropeo.it\/fr\/residence-eur\/","og_locale":"fr_FR","og_type":"article","og_title":"Residence EUR - Hotel Europeo","og_description":"Residence EUR, H\u00f4tel Europeo: 3 h\u00f4tel \u00e9toiles \u00e0 Sottomarina pr\u00e8s de la plage. Fournit des services pour les familles et des chambres avec vue. La plage est \u00e0 distance de marche. Pratique pour Venise.","og_url":"https:\/\/www.hoteleuropeo.it\/fr\/residence-eur\/","og_site_name":"Hotel Europeo","article_modified_time":"2019-01-31T11:21:50+00:00","og_image":[{"url":"https:\/\/www.hoteleuropeo.it\/wp-content\/uploads\/2015\/05\/Hotel-Europeo-Chioggia018-150x150.jpg","type":"","width":"","height":""}],"twitter_misc":{"Dur\u00e9e de lecture estim\u00e9e":"1 minute"},"schema":{"@context":"https:\/\/schema.org","@graph":[{"@type":"WebPage","@id":"https:\/\/www.hoteleuropeo.it\/fr\/residence-eur\/","url":"https:\/\/www.hoteleuropeo.it\/fr\/residence-eur\/","name":"Residence EUR - Hotel Europeo","isPartOf":{"@id":"https:\/\/www.hoteleuropeo.it\/fr\/#website"},"primaryImageOfPage":{"@id":"https:\/\/www.hoteleuropeo.it\/fr\/residence-eur\/#primaryimage"},"image":{"@id":"https:\/\/www.hoteleuropeo.it\/fr\/residence-eur\/#primaryimage"},"thumbnailUrl":"https:\/\/www.hoteleuropeo.it\/wp-content\/uploads\/2015\/05\/Hotel-Europeo-Chioggia0171-250x250.jpg","datePublished":"2015-06-09T09:02:10+00:00","dateModified":"2019-01-31T11:21:50+00:00","description":"Residence EUR, H\u00f4tel Europeo: 3 h\u00f4tel \u00e9toiles \u00e0 Sottomarina pr\u00e8s de la plage. Fournit des services pour les familles et des chambres avec vue. La plage est \u00e0 distance de marche. Pratique pour Venise.","breadcrumb":{"@id":"https:\/\/www.hoteleuropeo.it\/fr\/residence-eur\/#breadcrumb"},"inLanguage":"fr-FR","potentialAction":[{"@type":"ReadAction","target":["https:\/\/www.hoteleuropeo.it\/fr\/residence-eur\/"]}]},{"@type":"ImageObject","inLanguage":"fr-FR","@id":"https:\/\/www.hoteleuropeo.it\/fr\/residence-eur\/#primaryimage","url":"https:\/\/www.hoteleuropeo.it\/wp-content\/uploads\/2015\/05\/Hotel-Europeo-Chioggia0171-250x250.jpg","contentUrl":"https:\/\/www.hoteleuropeo.it\/wp-content\/uploads\/2015\/05\/Hotel-Europeo-Chioggia0171-250x250.jpg"},{"@type":"BreadcrumbList","@id":"https:\/\/www.hoteleuropeo.it\/fr\/residence-eur\/#breadcrumb","itemListElement":[{"@type":"ListItem","position":1,"name":"Home","item":"https:\/\/mobile.hoteleuropeo.it\/fr\/"},{"@type":"ListItem","position":2,"name":"Residence EUR"}]},{"@type":"WebSite","@id":"https:\/\/www.hoteleuropeo.it\/fr\/#website","url":"https:\/\/www.hoteleuropeo.it\/fr\/","name":"Hotel Europeo","description":"Just another Nozio site","potentialAction":[{"@type":"SearchAction","target":{"@type":"EntryPoint","urlTemplate":"https:\/\/www.hoteleuropeo.it\/fr\/?s={search_term_string}"},"query-input":{"@type":"PropertyValueSpecification","valueRequired":true,"valueName":"search_term_string"}}],"inLanguage":"fr-FR"}]}},"publishpress_future_action":{"enabled":false,"date":"2026-05-08 07:55:16","action":"change-status","newStatus":"draft","terms":[],"taxonomy":"translation_priority","extraData":[]},"publishpress_future_workflow_manual_trigger":{"enabledWorkflows":[]},"_links":{"self":[{"href":"https:\/\/www.hoteleuropeo.it\/fr\/wp-json\/wp\/v2\/pages\/1086","targetHints":{"allow":["GET"]}}],"collection":[{"href":"https:\/\/www.hoteleuropeo.it\/fr\/wp-json\/wp\/v2\/pages"}],"about":[{"href":"https:\/\/www.hoteleuropeo.it\/fr\/wp-json\/wp\/v2\/types\/page"}],"author":[{"embeddable":true,"href":"https:\/\/www.hoteleuropeo.it\/fr\/wp-json\/wp\/v2\/users\/28"}],"replies":[{"embeddable":true,"href":"https:\/\/www.hoteleuropeo.it\/fr\/wp-json\/wp\/v2\/comments?post=1086"}],"version-history":[{"count":2,"href":"https:\/\/www.hoteleuropeo.it\/fr\/wp-json\/wp\/v2\/pages\/1086\/revisions"}],"predecessor-version":[{"id":1462,"href":"https:\/\/www.hoteleuropeo.it\/fr\/wp-json\/wp\/v2\/pages\/1086\/revisions\/1462"}],"wp:attachment":[{"href":"https:\/\/www.hoteleuropeo.it\/fr\/wp-json\/wp\/v2\/media?parent=1086"}],"curies":[{"name":"wp","href":"https:\/\/api.w.org\/{rel}","templated":true}]}}