{"id":1044,"date":"2015-06-09T08:14:06","date_gmt":"2015-06-09T08:14:06","guid":{"rendered":"https:\/\/www.hoteleuropeo.it\/?page_id=1044"},"modified":"2015-06-22T10:23:42","modified_gmt":"2015-06-22T10:23:42","slug":"virtual-tour","status":"publish","type":"page","link":"https:\/\/www.hoteleuropeo.it\/fr\/virtual-tour\/","title":{"rendered":"Virtual Tour"},"content":{"rendered":"<p><iframe loading=\"lazy\" src=\"https:\/\/www.google.com\/maps\/embed?pb=!1m0!3m2!1sit!2sit!4v1433328989418!6m8!1m7!1s_AW_UoYluaAAAAAGOhoUxA!2m2!1d45.196374!2d12.300565!3f118.74!4f0!5f0.7820865974627469\" width=\"800\" height=\"600\" frameborder=\"0\" style=\"border:0\"><\/iframe><\/p>\n","protected":false},"excerpt":{"rendered":"","protected":false},"author":28,"featured_media":0,"parent":0,"menu_order":0,"comment_status":"open","ping_status":"open","template":"page-popup.php","meta":{"footnotes":""},"class_list":["post-1044","page","type-page","status-publish","hentry"],"yoast_head":"<!-- This site is optimized with the Yoast SEO plugin v25.7 - https:\/\/yoast.com\/wordpress\/plugins\/seo\/ -->\n<title>Virtual Tour - Hotel Europeo<\/title>\n<meta name=\"description\" content=\"Virtual Tour, H\u00f4tel Europeo: 3 h\u00f4tel \u00e9toiles \u00e0 Sottomarina pr\u00e8s de la plage. Fournit des services pour les familles et des chambres avec vue. La plage est \u00e0 distance de marche. Pratique pour Venise.\" \/>\n<meta name=\"robots\" content=\"noindex, nofollow\" \/>\n<meta property=\"og:locale\" content=\"fr_FR\" \/>\n<meta property=\"og:type\" content=\"article\" \/>\n<meta property=\"og:title\" content=\"Virtual Tour - Hotel Europeo\" \/>\n<meta property=\"og:description\" content=\"Virtual Tour, H\u00f4tel Europeo: 3 h\u00f4tel \u00e9toiles \u00e0 Sottomarina pr\u00e8s de la plage. Fournit des services pour les familles et des chambres avec vue. La plage est \u00e0 distance de marche. Pratique pour Venise.\" \/>\n<meta property=\"og:url\" content=\"https:\/\/www.hoteleuropeo.it\/fr\/virtual-tour\/\" \/>\n<meta property=\"og:site_name\" content=\"Hotel Europeo\" \/>\n<meta property=\"article:modified_time\" content=\"2015-06-22T10:23:42+00:00\" \/>\n<script type=\"application\/ld+json\" class=\"yoast-schema-graph\">{\"@context\":\"https:\/\/schema.org\",\"@graph\":[{\"@type\":\"WebPage\",\"@id\":\"https:\/\/www.hoteleuropeo.it\/fr\/virtual-tour\/\",\"url\":\"https:\/\/www.hoteleuropeo.it\/fr\/virtual-tour\/\",\"name\":\"Virtual Tour - Hotel Europeo\",\"isPartOf\":{\"@id\":\"https:\/\/www.hoteleuropeo.it\/fr\/#website\"},\"datePublished\":\"2015-06-09T08:14:06+00:00\",\"dateModified\":\"2015-06-22T10:23:42+00:00\",\"description\":\"Virtual Tour, H\u00f4tel Europeo: 3 h\u00f4tel \u00e9toiles \u00e0 Sottomarina pr\u00e8s de la plage. Fournit des services pour les familles et des chambres avec vue. La plage est \u00e0 distance de marche. Pratique pour Venise.\",\"breadcrumb\":{\"@id\":\"https:\/\/www.hoteleuropeo.it\/fr\/virtual-tour\/#breadcrumb\"},\"inLanguage\":\"fr-FR\",\"potentialAction\":[{\"@type\":\"ReadAction\",\"target\":[\"https:\/\/www.hoteleuropeo.it\/fr\/virtual-tour\/\"]}]},{\"@type\":\"BreadcrumbList\",\"@id\":\"https:\/\/www.hoteleuropeo.it\/fr\/virtual-tour\/#breadcrumb\",\"itemListElement\":[{\"@type\":\"ListItem\",\"position\":1,\"name\":\"Home\",\"item\":\"https:\/\/mobile.hoteleuropeo.it\/fr\/\"},{\"@type\":\"ListItem\",\"position\":2,\"name\":\"Virtual Tour\"}]},{\"@type\":\"WebSite\",\"@id\":\"https:\/\/www.hoteleuropeo.it\/fr\/#website\",\"url\":\"https:\/\/www.hoteleuropeo.it\/fr\/\",\"name\":\"Hotel Europeo\",\"description\":\"Just another Nozio site\",\"potentialAction\":[{\"@type\":\"SearchAction\",\"target\":{\"@type\":\"EntryPoint\",\"urlTemplate\":\"https:\/\/www.hoteleuropeo.it\/fr\/?s={search_term_string}\"},\"query-input\":{\"@type\":\"PropertyValueSpecification\",\"valueRequired\":true,\"valueName\":\"search_term_string\"}}],\"inLanguage\":\"fr-FR\"}]}<\/script>\n<!-- \/ Yoast SEO plugin. -->","yoast_head_json":{"title":"Virtual Tour - Hotel Europeo","description":"Virtual Tour, H\u00f4tel Europeo: 3 h\u00f4tel \u00e9toiles \u00e0 Sottomarina pr\u00e8s de la plage. Fournit des services pour les familles et des chambres avec vue. La plage est \u00e0 distance de marche. Pratique pour Venise.","robots":{"index":"noindex","follow":"nofollow"},"og_locale":"fr_FR","og_type":"article","og_title":"Virtual Tour - Hotel Europeo","og_description":"Virtual Tour, H\u00f4tel Europeo: 3 h\u00f4tel \u00e9toiles \u00e0 Sottomarina pr\u00e8s de la plage. Fournit des services pour les familles et des chambres avec vue. La plage est \u00e0 distance de marche. Pratique pour Venise.","og_url":"https:\/\/www.hoteleuropeo.it\/fr\/virtual-tour\/","og_site_name":"Hotel Europeo","article_modified_time":"2015-06-22T10:23:42+00:00","schema":{"@context":"https:\/\/schema.org","@graph":[{"@type":"WebPage","@id":"https:\/\/www.hoteleuropeo.it\/fr\/virtual-tour\/","url":"https:\/\/www.hoteleuropeo.it\/fr\/virtual-tour\/","name":"Virtual Tour - Hotel Europeo","isPartOf":{"@id":"https:\/\/www.hoteleuropeo.it\/fr\/#website"},"datePublished":"2015-06-09T08:14:06+00:00","dateModified":"2015-06-22T10:23:42+00:00","description":"Virtual Tour, H\u00f4tel Europeo: 3 h\u00f4tel \u00e9toiles \u00e0 Sottomarina pr\u00e8s de la plage. Fournit des services pour les familles et des chambres avec vue. La plage est \u00e0 distance de marche. Pratique pour Venise.","breadcrumb":{"@id":"https:\/\/www.hoteleuropeo.it\/fr\/virtual-tour\/#breadcrumb"},"inLanguage":"fr-FR","potentialAction":[{"@type":"ReadAction","target":["https:\/\/www.hoteleuropeo.it\/fr\/virtual-tour\/"]}]},{"@type":"BreadcrumbList","@id":"https:\/\/www.hoteleuropeo.it\/fr\/virtual-tour\/#breadcrumb","itemListElement":[{"@type":"ListItem","position":1,"name":"Home","item":"https:\/\/mobile.hoteleuropeo.it\/fr\/"},{"@type":"ListItem","position":2,"name":"Virtual Tour"}]},{"@type":"WebSite","@id":"https:\/\/www.hoteleuropeo.it\/fr\/#website","url":"https:\/\/www.hoteleuropeo.it\/fr\/","name":"Hotel Europeo","description":"Just another Nozio site","potentialAction":[{"@type":"SearchAction","target":{"@type":"EntryPoint","urlTemplate":"https:\/\/www.hoteleuropeo.it\/fr\/?s={search_term_string}"},"query-input":{"@type":"PropertyValueSpecification","valueRequired":true,"valueName":"search_term_string"}}],"inLanguage":"fr-FR"}]}},"publishpress_future_action":{"enabled":false,"date":"2026-04-23 18:35:30","action":"change-status","newStatus":"draft","terms":[],"taxonomy":"translation_priority","extraData":[]},"publishpress_future_workflow_manual_trigger":{"enabledWorkflows":[]},"_links":{"self":[{"href":"https:\/\/www.hoteleuropeo.it\/fr\/wp-json\/wp\/v2\/pages\/1044","targetHints":{"allow":["GET"]}}],"collection":[{"href":"https:\/\/www.hoteleuropeo.it\/fr\/wp-json\/wp\/v2\/pages"}],"about":[{"href":"https:\/\/www.hoteleuropeo.it\/fr\/wp-json\/wp\/v2\/types\/page"}],"author":[{"embeddable":true,"href":"https:\/\/www.hoteleuropeo.it\/fr\/wp-json\/wp\/v2\/users\/28"}],"replies":[{"embeddable":true,"href":"https:\/\/www.hoteleuropeo.it\/fr\/wp-json\/wp\/v2\/comments?post=1044"}],"version-history":[{"count":1,"href":"https:\/\/www.hoteleuropeo.it\/fr\/wp-json\/wp\/v2\/pages\/1044\/revisions"}],"predecessor-version":[{"id":1045,"href":"https:\/\/www.hoteleuropeo.it\/fr\/wp-json\/wp\/v2\/pages\/1044\/revisions\/1045"}],"wp:attachment":[{"href":"https:\/\/www.hoteleuropeo.it\/fr\/wp-json\/wp\/v2\/media?parent=1044"}],"curies":[{"name":"wp","href":"https:\/\/api.w.org\/{rel}","templated":true}]}}