{"id":1029,"date":"2015-06-09T08:07:57","date_gmt":"2015-06-09T08:07:57","guid":{"rendered":"https:\/\/www.hoteleuropeo.it\/?page_id=1029"},"modified":"2015-06-10T10:53:40","modified_gmt":"2015-06-10T10:53:40","slug":"evenements-venise","status":"publish","type":"page","link":"https:\/\/www.hoteleuropeo.it\/fr\/evenements-venise\/","title":{"rendered":"\u00c9v\u00e9nements"},"content":{"rendered":"<div class=\"corpo-1\">\n<h2>\u00c9v\u00e9nements<\/h2>\n<div class=\"gallery-view\"><div class=\"events-package-4\"><div class=\"fullsliderimg\"><a href=\"https:\/\/www.hoteleuropeo.it\/fr\/events\/evenements-en-ville\/\"><img loading=\"lazy\" decoding=\"async\" width=\"268\" height=\"268\" src=\"https:\/\/www.hoteleuropeo.it\/wp-content\/uploads\/2015\/05\/Paolo-Fidelfatti-268x268.jpg\" class=\"size-medium\" alt=\"\" srcset=\"https:\/\/www.hoteleuropeo.it\/wp-content\/uploads\/2015\/05\/Paolo-Fidelfatti-268x268.jpg 268w, https:\/\/www.hoteleuropeo.it\/wp-content\/uploads\/2015\/05\/Paolo-Fidelfatti-150x150.jpg 150w, https:\/\/www.hoteleuropeo.it\/wp-content\/uploads\/2015\/05\/Paolo-Fidelfatti-250x250.jpg 250w, https:\/\/www.hoteleuropeo.it\/wp-content\/uploads\/2015\/05\/Paolo-Fidelfatti-32x32.jpg 32w, https:\/\/www.hoteleuropeo.it\/wp-content\/uploads\/2015\/05\/Paolo-Fidelfatti-128x128.jpg 128w, https:\/\/www.hoteleuropeo.it\/wp-content\/uploads\/2015\/05\/Paolo-Fidelfatti-210x210.jpg 210w, https:\/\/www.hoteleuropeo.it\/wp-content\/uploads\/2015\/05\/Paolo-Fidelfatti-440x440.jpg 440w\" sizes=\"auto, (max-width: 268px) 100vw, 268px\" \/><\/a><div class=\"background-events-gallery\"><img decoding=\"async\" src=\"https:\/\/www.hoteleuropeo.it\/wp-content\/uploads\/2013\/09\/bkg-white704.png\" ><div class=\"highlight-text-gallery\"><a href=\"https:\/\/www.hoteleuropeo.it\/fr\/events\/evenements-en-ville\/\">\u00c9v\u00e9nement local<\/a><\/div><\/div><div class=\"background-tag-gallery\"><img decoding=\"async\" src=\"https:\/\/www.hoteleuropeo.it\/wp-content\/uploads\/2014\/06\/EventoLocale1-e1417525720970.png\" ><\/div><\/div><div class=\"original-price\"><\/div><div class=\"reducted-price\"><\/div><div class=\"clear\"><\/div><div class=\"events_title\"><a href=\"https:\/\/www.hoteleuropeo.it\/fr\/events\/evenements-en-ville\/\">Ev\u00e9nements en ville<\/a><\/div><div class=\"package-gallery\"><div>R\u00e9duction Sp\u00e9ciale<\/div><div><\/div><div>2 personnes ou plus<\/div><div>Double \/ Triple<\/div><\/div><\/div><\/div><\/div>\n","protected":false},"excerpt":{"rendered":"<p>\u00c9v\u00e9nements<\/p>\n","protected":false},"author":28,"featured_media":0,"parent":0,"menu_order":0,"comment_status":"open","ping_status":"open","template":"","meta":{"footnotes":""},"class_list":["post-1029","page","type-page","status-publish","hentry"],"yoast_head":"<!-- This site is optimized with the Yoast SEO plugin v25.7 - https:\/\/yoast.com\/wordpress\/plugins\/seo\/ -->\n<title>\u00c9v\u00e9nements - Hotel Europeo<\/title>\n<meta name=\"description\" content=\"\u00c9v\u00e9nements, H\u00f4tel Europeo: 3 h\u00f4tel \u00e9toiles \u00e0 Sottomarina pr\u00e8s de la plage. Fournit des services pour les familles et des chambres avec vue. La plage est \u00e0 distance de marche. Pratique pour Venise.\" \/>\n<meta name=\"robots\" content=\"index, follow, max-snippet:-1, max-image-preview:large, max-video-preview:-1\" \/>\n<link rel=\"canonical\" href=\"https:\/\/www.hoteleuropeo.it\/fr\/evenements-venise\/\" \/>\n<meta property=\"og:locale\" content=\"fr_FR\" \/>\n<meta property=\"og:type\" content=\"article\" \/>\n<meta property=\"og:title\" content=\"\u00c9v\u00e9nements - Hotel Europeo\" \/>\n<meta property=\"og:description\" content=\"\u00c9v\u00e9nements, H\u00f4tel Europeo: 3 h\u00f4tel \u00e9toiles \u00e0 Sottomarina pr\u00e8s de la plage. Fournit des services pour les familles et des chambres avec vue. La plage est \u00e0 distance de marche. Pratique pour Venise.\" \/>\n<meta property=\"og:url\" content=\"https:\/\/www.hoteleuropeo.it\/fr\/evenements-venise\/\" \/>\n<meta property=\"og:site_name\" content=\"Hotel Europeo\" \/>\n<meta property=\"article:modified_time\" content=\"2015-06-10T10:53:40+00:00\" \/>\n<script type=\"application\/ld+json\" class=\"yoast-schema-graph\">{\"@context\":\"https:\/\/schema.org\",\"@graph\":[{\"@type\":\"WebPage\",\"@id\":\"https:\/\/www.hoteleuropeo.it\/fr\/evenements-venise\/\",\"url\":\"https:\/\/www.hoteleuropeo.it\/fr\/evenements-venise\/\",\"name\":\"\u00c9v\u00e9nements - Hotel Europeo\",\"isPartOf\":{\"@id\":\"https:\/\/www.hoteleuropeo.it\/fr\/#website\"},\"datePublished\":\"2015-06-09T08:07:57+00:00\",\"dateModified\":\"2015-06-10T10:53:40+00:00\",\"description\":\"\u00c9v\u00e9nements, H\u00f4tel Europeo: 3 h\u00f4tel \u00e9toiles \u00e0 Sottomarina pr\u00e8s de la plage. Fournit des services pour les familles et des chambres avec vue. La plage est \u00e0 distance de marche. Pratique pour Venise.\",\"breadcrumb\":{\"@id\":\"https:\/\/www.hoteleuropeo.it\/fr\/evenements-venise\/#breadcrumb\"},\"inLanguage\":\"fr-FR\",\"potentialAction\":[{\"@type\":\"ReadAction\",\"target\":[\"https:\/\/www.hoteleuropeo.it\/fr\/evenements-venise\/\"]}]},{\"@type\":\"BreadcrumbList\",\"@id\":\"https:\/\/www.hoteleuropeo.it\/fr\/evenements-venise\/#breadcrumb\",\"itemListElement\":[{\"@type\":\"ListItem\",\"position\":1,\"name\":\"Home\",\"item\":\"https:\/\/www.hoteleuropeo.it\/fr\/\"},{\"@type\":\"ListItem\",\"position\":2,\"name\":\"\u00c9v\u00e9nements\"}]},{\"@type\":\"WebSite\",\"@id\":\"https:\/\/www.hoteleuropeo.it\/fr\/#website\",\"url\":\"https:\/\/www.hoteleuropeo.it\/fr\/\",\"name\":\"Hotel Europeo\",\"description\":\"Just another Nozio site\",\"potentialAction\":[{\"@type\":\"SearchAction\",\"target\":{\"@type\":\"EntryPoint\",\"urlTemplate\":\"https:\/\/www.hoteleuropeo.it\/fr\/?s={search_term_string}\"},\"query-input\":{\"@type\":\"PropertyValueSpecification\",\"valueRequired\":true,\"valueName\":\"search_term_string\"}}],\"inLanguage\":\"fr-FR\"}]}<\/script>\n<!-- \/ Yoast SEO plugin. -->","yoast_head_json":{"title":"\u00c9v\u00e9nements - Hotel Europeo","description":"\u00c9v\u00e9nements, H\u00f4tel Europeo: 3 h\u00f4tel \u00e9toiles \u00e0 Sottomarina pr\u00e8s de la plage. Fournit des services pour les familles et des chambres avec vue. La plage est \u00e0 distance de marche. Pratique pour Venise.","robots":{"index":"index","follow":"follow","max-snippet":"max-snippet:-1","max-image-preview":"max-image-preview:large","max-video-preview":"max-video-preview:-1"},"canonical":"https:\/\/www.hoteleuropeo.it\/fr\/evenements-venise\/","og_locale":"fr_FR","og_type":"article","og_title":"\u00c9v\u00e9nements - Hotel Europeo","og_description":"\u00c9v\u00e9nements, H\u00f4tel Europeo: 3 h\u00f4tel \u00e9toiles \u00e0 Sottomarina pr\u00e8s de la plage. Fournit des services pour les familles et des chambres avec vue. La plage est \u00e0 distance de marche. Pratique pour Venise.","og_url":"https:\/\/www.hoteleuropeo.it\/fr\/evenements-venise\/","og_site_name":"Hotel Europeo","article_modified_time":"2015-06-10T10:53:40+00:00","schema":{"@context":"https:\/\/schema.org","@graph":[{"@type":"WebPage","@id":"https:\/\/www.hoteleuropeo.it\/fr\/evenements-venise\/","url":"https:\/\/www.hoteleuropeo.it\/fr\/evenements-venise\/","name":"\u00c9v\u00e9nements - Hotel Europeo","isPartOf":{"@id":"https:\/\/www.hoteleuropeo.it\/fr\/#website"},"datePublished":"2015-06-09T08:07:57+00:00","dateModified":"2015-06-10T10:53:40+00:00","description":"\u00c9v\u00e9nements, H\u00f4tel Europeo: 3 h\u00f4tel \u00e9toiles \u00e0 Sottomarina pr\u00e8s de la plage. Fournit des services pour les familles et des chambres avec vue. La plage est \u00e0 distance de marche. Pratique pour Venise.","breadcrumb":{"@id":"https:\/\/www.hoteleuropeo.it\/fr\/evenements-venise\/#breadcrumb"},"inLanguage":"fr-FR","potentialAction":[{"@type":"ReadAction","target":["https:\/\/www.hoteleuropeo.it\/fr\/evenements-venise\/"]}]},{"@type":"BreadcrumbList","@id":"https:\/\/www.hoteleuropeo.it\/fr\/evenements-venise\/#breadcrumb","itemListElement":[{"@type":"ListItem","position":1,"name":"Home","item":"https:\/\/www.hoteleuropeo.it\/fr\/"},{"@type":"ListItem","position":2,"name":"\u00c9v\u00e9nements"}]},{"@type":"WebSite","@id":"https:\/\/www.hoteleuropeo.it\/fr\/#website","url":"https:\/\/www.hoteleuropeo.it\/fr\/","name":"Hotel Europeo","description":"Just another Nozio site","potentialAction":[{"@type":"SearchAction","target":{"@type":"EntryPoint","urlTemplate":"https:\/\/www.hoteleuropeo.it\/fr\/?s={search_term_string}"},"query-input":{"@type":"PropertyValueSpecification","valueRequired":true,"valueName":"search_term_string"}}],"inLanguage":"fr-FR"}]}},"publishpress_future_action":{"enabled":false,"date":"2026-05-12 17:16:20","action":"change-status","newStatus":"draft","terms":[],"taxonomy":"translation_priority","extraData":[]},"publishpress_future_workflow_manual_trigger":{"enabledWorkflows":[]},"_links":{"self":[{"href":"https:\/\/www.hoteleuropeo.it\/fr\/wp-json\/wp\/v2\/pages\/1029","targetHints":{"allow":["GET"]}}],"collection":[{"href":"https:\/\/www.hoteleuropeo.it\/fr\/wp-json\/wp\/v2\/pages"}],"about":[{"href":"https:\/\/www.hoteleuropeo.it\/fr\/wp-json\/wp\/v2\/types\/page"}],"author":[{"embeddable":true,"href":"https:\/\/www.hoteleuropeo.it\/fr\/wp-json\/wp\/v2\/users\/28"}],"replies":[{"embeddable":true,"href":"https:\/\/www.hoteleuropeo.it\/fr\/wp-json\/wp\/v2\/comments?post=1029"}],"version-history":[{"count":1,"href":"https:\/\/www.hoteleuropeo.it\/fr\/wp-json\/wp\/v2\/pages\/1029\/revisions"}],"predecessor-version":[{"id":1030,"href":"https:\/\/www.hoteleuropeo.it\/fr\/wp-json\/wp\/v2\/pages\/1029\/revisions\/1030"}],"wp:attachment":[{"href":"https:\/\/www.hoteleuropeo.it\/fr\/wp-json\/wp\/v2\/media?parent=1029"}],"curies":[{"name":"wp","href":"https:\/\/api.w.org\/{rel}","templated":true}]}}