{"id":1751,"date":"2022-08-16T12:49:07","date_gmt":"2022-08-16T12:49:07","guid":{"rendered":"https:\/\/www.hoteleuropeo.it\/cookie-policy\/"},"modified":"2024-12-10T14:18:46","modified_gmt":"2024-12-10T14:18:46","slug":"cookie-policy","status":"publish","type":"page","link":"https:\/\/www.hoteleuropeo.it\/de\/cookie-policy\/","title":{"rendered":"Cookie Policy"},"content":{"rendered":"<div class=\"corpo-6\">\n<br clear=\"all\" \/><br clear=\"all\" \/><br clear=\"all\" \/><br clear=\"all\" \/><br clear=\"all\" \/><br clear=\"all\" \/><\/p>\n<h2>Cookie Policy &#8211; Hotel Europeo s.a.s. di Cera Andrea &#038; F.<\/h2>\n<p>Letztes Update: 10\/12\/2024 &#8211; V. 1.0<\/p>\n<p><b>Wo zu dient dieses Dokument? <\/b><b><br \/>\n<\/b>Diese Cookie-Richtlinie enth\u00e4lt Informationen \u00fcber die verschiedenen Arten von Cookies, die bei Ihrem Besuch auf Ihren Ger\u00e4ten installiert werden k\u00f6nnen <a href=\"http:\/\/www.hoteleuropeo.it\">www.hoteleuropeo.it<\/a><\/p>\n<h3><b>Verantwortliche und Kontaktdaten<\/b><\/h3>\n<p>Hotel Europeo s.a.s. di Cera Andrea &#038; F., mit Sitz in Via S. Valentino 24 &#8211; 39041 Brennero (BZ)<\/p>\n<p>Kontaktdetails: <a href=\"mailto:info@hoteleuropeo.it\">info@hoteleuropeo.it<\/a><\/p>\n<h3><b>Cookie-Liste<\/b><\/h3>\n<p><script id=\"CookieDeclaration\" src=\"https:\/\/consent.cookiebot.com\/cea1f18d-d946-4aba-aa4e-c8d1f2c28661\/cd.js\" type=\"text\/javascript\" async><\/script><\/p>\n<h3><b>Wie kann ich sie deaktivieren?<\/b><\/h3>\n<table>\n<tbody>\n<tr>\n<td><b>Name<\/b><\/td>\n<td><b>Link<\/b><\/td>\n<\/tr>\n<tr>\n<td>Google Chrome<\/td>\n<td><a href=\"https:\/\/support.google.com\/chrome\/answer\/95647\">https:\/\/support.google.com\/chrome\/answer\/95647<\/a><\/td>\n<\/tr>\n<tr>\n<td>Safari<\/td>\n<td><a href=\"https:\/\/support.apple.com\/it-ie\/guide\/safari\/sfri11471\/mac\">https:\/\/support.apple.com\/it-ie\/guide\/safari\/sfri11471\/mac<\/a><\/td>\n<\/tr>\n<tr>\n<td>Firefox<\/td>\n<td><a href=\"https:\/\/support.mozilla.org\/it\/kb\/Gestione%20dei%20cookie\">https:\/\/support.mozilla.org\/it\/kb\/Gestione%20dei%20cookie<\/a><\/td>\n<\/tr>\n<tr>\n<td>Internet Explorer<\/td>\n<td><a href=\"https:\/\/support.microsoft.com\/en-us\/topic\/delete-and-manage-cookies-168dab11-0753-043d-7c16-ede5947fc64d\">https:\/\/support.microsoft.com\/en-us\/topic\/delete-and-manage-cookies-168dab11-0753-043d-7c16-ede5947fc64d<\/a><\/td>\n<\/tr>\n<\/tbody>\n<\/table>\n<h3><b>\u00c4nderungen an der Cookie-Richtlinie<\/b><\/h3>\n<p>Diese Cookie-Richtlinie kann im Laufe der Zeit \u00c4nderungen unterliegen, einschlie\u00dflich solcher im Zusammenhang mit dem m\u00f6glichen Inkrafttreten neuer gesetzlicher Vorschriften, der Aktualisierung oder Bereitstellung neuer Dienste oder technologischer Innovationen. Bitte konsultieren Sie diese Seite daher regelm\u00e4\u00dfig.\n<\/p><\/div>\n","protected":false},"excerpt":{"rendered":"<p>Cookie Policy &#8211; Hotel Europeo s.a.s. di Cera Andrea &#038; F. Letztes Update: 10\/12\/2024 &#8211; V. 1.0 Wo zu dient dieses Dokument? Diese Cookie-Richtlinie enth\u00e4lt Informationen \u00fcber die verschiedenen Arten von Cookies, die bei Ihrem Besuch auf Ihren Ger\u00e4ten installiert werden k\u00f6nnen www.hoteleuropeo.it Verantwortliche und Kontaktdaten Hotel Europeo s.a.s. di Cera Andrea &#038; F., mit [&hellip;]<\/p>\n","protected":false},"author":28,"featured_media":0,"parent":0,"menu_order":0,"comment_status":"closed","ping_status":"closed","template":"page-popup.php","meta":{"footnotes":""},"class_list":["post-1751","page","type-page","status-publish","hentry"],"yoast_head":"<!-- This site is optimized with the Yoast SEO plugin v25.7 - https:\/\/yoast.com\/wordpress\/plugins\/seo\/ -->\n<title>Cookie Policy - Hotel Europeo<\/title>\n<meta name=\"description\" content=\"Cookie Policy, Hotel Europeo: Just another Nozio site\" \/>\n<meta name=\"robots\" content=\"index, follow, max-snippet:-1, max-image-preview:large, max-video-preview:-1\" \/>\n<link rel=\"canonical\" href=\"https:\/\/www.hoteleuropeo.it\/de\/cookie-policy\/\" \/>\n<meta property=\"og:locale\" content=\"de_DE\" \/>\n<meta property=\"og:type\" content=\"article\" \/>\n<meta property=\"og:title\" content=\"Cookie Policy - Hotel Europeo\" \/>\n<meta property=\"og:description\" content=\"Cookie Policy, Hotel Europeo: Just another Nozio site\" \/>\n<meta property=\"og:url\" content=\"https:\/\/www.hoteleuropeo.it\/de\/cookie-policy\/\" \/>\n<meta property=\"og:site_name\" content=\"Hotel Europeo\" \/>\n<meta property=\"article:modified_time\" content=\"2024-12-10T14:18:46+00:00\" \/>\n<meta name=\"twitter:label1\" content=\"Gesch\u00e4tzte Lesezeit\" \/>\n\t<meta name=\"twitter:data1\" content=\"1\u00a0Minute\" \/>\n<script type=\"application\/ld+json\" class=\"yoast-schema-graph\">{\"@context\":\"https:\/\/schema.org\",\"@graph\":[{\"@type\":\"WebPage\",\"@id\":\"https:\/\/www.hoteleuropeo.it\/de\/cookie-policy\/\",\"url\":\"https:\/\/www.hoteleuropeo.it\/de\/cookie-policy\/\",\"name\":\"Cookie Policy - Hotel Europeo\",\"isPartOf\":{\"@id\":\"https:\/\/www.hoteleuropeo.it\/de\/#website\"},\"datePublished\":\"2022-08-16T12:49:07+00:00\",\"dateModified\":\"2024-12-10T14:18:46+00:00\",\"description\":\"Cookie Policy, Hotel Europeo: Just another Nozio site\",\"breadcrumb\":{\"@id\":\"https:\/\/www.hoteleuropeo.it\/de\/cookie-policy\/#breadcrumb\"},\"inLanguage\":\"de\",\"potentialAction\":[{\"@type\":\"ReadAction\",\"target\":[\"https:\/\/www.hoteleuropeo.it\/de\/cookie-policy\/\"]}]},{\"@type\":\"BreadcrumbList\",\"@id\":\"https:\/\/www.hoteleuropeo.it\/de\/cookie-policy\/#breadcrumb\",\"itemListElement\":[{\"@type\":\"ListItem\",\"position\":1,\"name\":\"Home\",\"item\":\"https:\/\/www.hoteleuropeo.it\/de\/\"},{\"@type\":\"ListItem\",\"position\":2,\"name\":\"Cookie Policy\"}]},{\"@type\":\"WebSite\",\"@id\":\"https:\/\/www.hoteleuropeo.it\/de\/#website\",\"url\":\"https:\/\/www.hoteleuropeo.it\/de\/\",\"name\":\"Hotel Europeo\",\"description\":\"Just another Nozio site\",\"potentialAction\":[{\"@type\":\"SearchAction\",\"target\":{\"@type\":\"EntryPoint\",\"urlTemplate\":\"https:\/\/www.hoteleuropeo.it\/de\/?s={search_term_string}\"},\"query-input\":{\"@type\":\"PropertyValueSpecification\",\"valueRequired\":true,\"valueName\":\"search_term_string\"}}],\"inLanguage\":\"de\"}]}<\/script>\n<!-- \/ Yoast SEO plugin. -->","yoast_head_json":{"title":"Cookie Policy - Hotel Europeo","description":"Cookie Policy, Hotel Europeo: Just another Nozio site","robots":{"index":"index","follow":"follow","max-snippet":"max-snippet:-1","max-image-preview":"max-image-preview:large","max-video-preview":"max-video-preview:-1"},"canonical":"https:\/\/www.hoteleuropeo.it\/de\/cookie-policy\/","og_locale":"de_DE","og_type":"article","og_title":"Cookie Policy - Hotel Europeo","og_description":"Cookie Policy, Hotel Europeo: Just another Nozio site","og_url":"https:\/\/www.hoteleuropeo.it\/de\/cookie-policy\/","og_site_name":"Hotel Europeo","article_modified_time":"2024-12-10T14:18:46+00:00","twitter_misc":{"Gesch\u00e4tzte Lesezeit":"1\u00a0Minute"},"schema":{"@context":"https:\/\/schema.org","@graph":[{"@type":"WebPage","@id":"https:\/\/www.hoteleuropeo.it\/de\/cookie-policy\/","url":"https:\/\/www.hoteleuropeo.it\/de\/cookie-policy\/","name":"Cookie Policy - Hotel Europeo","isPartOf":{"@id":"https:\/\/www.hoteleuropeo.it\/de\/#website"},"datePublished":"2022-08-16T12:49:07+00:00","dateModified":"2024-12-10T14:18:46+00:00","description":"Cookie Policy, Hotel Europeo: Just another Nozio site","breadcrumb":{"@id":"https:\/\/www.hoteleuropeo.it\/de\/cookie-policy\/#breadcrumb"},"inLanguage":"de","potentialAction":[{"@type":"ReadAction","target":["https:\/\/www.hoteleuropeo.it\/de\/cookie-policy\/"]}]},{"@type":"BreadcrumbList","@id":"https:\/\/www.hoteleuropeo.it\/de\/cookie-policy\/#breadcrumb","itemListElement":[{"@type":"ListItem","position":1,"name":"Home","item":"https:\/\/www.hoteleuropeo.it\/de\/"},{"@type":"ListItem","position":2,"name":"Cookie Policy"}]},{"@type":"WebSite","@id":"https:\/\/www.hoteleuropeo.it\/de\/#website","url":"https:\/\/www.hoteleuropeo.it\/de\/","name":"Hotel Europeo","description":"Just another Nozio site","potentialAction":[{"@type":"SearchAction","target":{"@type":"EntryPoint","urlTemplate":"https:\/\/www.hoteleuropeo.it\/de\/?s={search_term_string}"},"query-input":{"@type":"PropertyValueSpecification","valueRequired":true,"valueName":"search_term_string"}}],"inLanguage":"de"}]}},"publishpress_future_action":{"enabled":false,"date":"2026-05-07 05:59:38","action":"change-status","newStatus":"draft","terms":[],"taxonomy":"translation_priority","extraData":[]},"publishpress_future_workflow_manual_trigger":{"enabledWorkflows":[]},"_links":{"self":[{"href":"https:\/\/www.hoteleuropeo.it\/de\/wp-json\/wp\/v2\/pages\/1751","targetHints":{"allow":["GET"]}}],"collection":[{"href":"https:\/\/www.hoteleuropeo.it\/de\/wp-json\/wp\/v2\/pages"}],"about":[{"href":"https:\/\/www.hoteleuropeo.it\/de\/wp-json\/wp\/v2\/types\/page"}],"author":[{"embeddable":true,"href":"https:\/\/www.hoteleuropeo.it\/de\/wp-json\/wp\/v2\/users\/28"}],"replies":[{"embeddable":true,"href":"https:\/\/www.hoteleuropeo.it\/de\/wp-json\/wp\/v2\/comments?post=1751"}],"version-history":[{"count":4,"href":"https:\/\/www.hoteleuropeo.it\/de\/wp-json\/wp\/v2\/pages\/1751\/revisions"}],"predecessor-version":[{"id":1781,"href":"https:\/\/www.hoteleuropeo.it\/de\/wp-json\/wp\/v2\/pages\/1751\/revisions\/1781"}],"wp:attachment":[{"href":"https:\/\/www.hoteleuropeo.it\/de\/wp-json\/wp\/v2\/media?parent=1751"}],"curies":[{"name":"wp","href":"https:\/\/api.w.org\/{rel}","templated":true}]}}