{"id":117,"date":"2013-09-03T15:09:50","date_gmt":"2013-09-03T15:09:50","guid":{"rendered":"https:\/\/www.hoteleuropeo.it\/?page_id=117"},"modified":"2020-05-14T10:27:33","modified_gmt":"2020-05-14T10:27:33","slug":"home-6","status":"publish","type":"page","link":"https:\/\/www.hoteleuropeo.it\/de\/","title":{"rendered":"Home"},"content":{"rendered":"<div class=\"titolopagina\">\n<h1>Hotel in Sottomarina nahe am Strand<\/h1>\n<\/div>\n<div class=\"corpo-1\">\n<div class=\"colonna470\">\n<div class=\"txt-index\">\n<p><strong>Das <\/strong> nahe am <strong>Strand<\/strong> in <strong>Sottomarina<\/strong> gelegene Dreisternehotel Hotel Europeo liegt nur wenige Schritte von der Uferpromenade entfernt in einer ruhigen Wohngegend au\u00dferhalb des Zentrums und eignet sich hervorragend f\u00fcr einen <strong>Urlaub<\/strong> im Zeichen von Erholung und Vergn\u00fcgen f\u00fcr Paare und <strong>Familien mit Kindern<\/strong>. <\/p>\n<p>Sein makelloser Service sorgt zusammen mit der Gastfreundlichkeit des <strong>mehrsprachigen Personals<\/strong> f\u00fcr einen einzigartigen Aufenthalt in <strong>gro\u00dfen und komfortablen Zimmern<\/strong>, von denen einige einen <strong>Meerblick<\/strong> bieten. Das Hotel ist nur 150 Meter von einem mit Liegest\u00fchlen und Sonnenschirmen <strong>ausgestatteten Strand<\/strong> entfernt. <\/p>\n<p>Das <strong>Hotel Europeo<\/strong> ist weniger als 10 Minuten von <strong>Chioggia<\/strong> entfernt, einer uralten Stadt mit reicher Geschichte und romantischen Ecken. Auch <strong>Venedig<\/strong> ist mit dem Auto oder dem Schnellboot in zirka einer Stunde bequem zu erreichen. <\/p>\n<\/div>\n<\/div>\n<div class=\"colonna470\">\n<div class=\"box-offerte\">\n<h3>Sonderangebote<\/h3>\n<div class=\"flexslider\" style=\"width:440px;\"><ul class=\"slides\"><li><a href=\"https:\/\/www.hoteleuropeo.it\/de\/offers\/tutti-i-giorni-infrasettimanali-di-giugno-2025\/\"><\/a><div class=\"flex-caption\"><div class=\"original-price price-all\"><\/div><div class=\"reducted-price price-all\"><\/div><div class=\"clear\"><\/div><div class=\"clear\"><\/div><div class=\"offer_title\"><a href=\"https:\/\/www.hoteleuropeo.it\/de\/offers\/tutti-i-giorni-infrasettimanali-di-giugno-2025\/\">Tutti i giorni infrasettimanali di Giugno  2025<\/a><\/div><\/div><\/li><li><a href=\"https:\/\/www.hoteleuropeo.it\/de\/offers\/1726\/\"><\/a><div class=\"flex-caption\"><div class=\"original-price price-all\"><\/div><div class=\"reducted-price price-all\"><\/div><div class=\"clear\"><\/div><div class=\"clear\"><\/div><div class=\"offer_title\"><a href=\"https:\/\/www.hoteleuropeo.it\/de\/offers\/1726\/\">SETTEMBRE MARE RELAX<\/a><\/div><\/div><\/li><li><a href=\"https:\/\/www.hoteleuropeo.it\/de\/offers\/appartamenti-turistici-vicino-alla-spiaggia\/\"><img loading=\"lazy\" decoding=\"async\" width=\"440\" height=\"250\" src=\"https:\/\/www.hoteleuropeo.it\/wp-content\/uploads\/2013\/09\/Hotel-Europeo-Chioggia0181-440x250.jpg\" class=\"attachment-slider_medium_large size-slider_medium_large\" alt=\"\" \/><\/a><div class=\"flex-caption\"><div class=\"original-price price-all\"><\/div><div class=\"reducted-price price-all\"><\/div><div class=\"clear\"><\/div><div class=\"clear\"><\/div><div class=\"offer_title\"><a href=\"https:\/\/www.hoteleuropeo.it\/de\/offers\/appartamenti-turistici-vicino-alla-spiaggia\/\">Appartamenti turistici vicino alla Spiaggia 2021<\/a><\/div><\/div><\/li><\/ul><\/div>\n<h4><a href=\"https:\/\/www.hoteleuropeo.it\/de\/sonderangebote\/\" title=\"Angebote\">Zur vollst\u00e4ndigen Liste<\/a><\/h4>\n<\/div>\n<\/div> <br clear=\"all\" \/>\n<\/div>\n<div class=\"corpo-box-1\">\n<div class=\"corpo-1\">\n<div class=\"colonna470\">\n<div class=\"txt-box\">\n<a href=\"https:\/\/www.hoteleuropeo.it\/de\/hotel-europeo\/\"><img decoding=\"async\" src=\"https:\/\/www.hoteleuropeo.it\/wp-content\/themes\/hoteleuropeo\/img\/box_home-1.png\" \/><\/a><\/p>\n<h3>Hotel Europeo<\/h3>\n<p>Ein erholsamer, unterhaltsamer und gesunder Aufenthalt&#8230; Verbringen Sie Ihren Urlaub an einem herrlichen Strand und genie\u00dfen Sie s\u00e4mtlichen Komfort und Service im <strong><a href=\"https:\/\/www.hoteleuropeo.it\/de\/hotel-europeo\/\">Hotel Europeo<\/a><\/strong>.<\/p>\n<h5><a href=\"https:\/\/www.hoteleuropeo.it\/de\/hotel-europeo\/\">Zur Seite<\/a><\/h5>\n<\/div>\n<\/div>\n<div class=\"colonna470\">\n<div class=\"txt-box\">\n<a href=\"https:\/\/www.hoteleuropeo.it\/de\/residence-eur\/\"><img decoding=\"async\" src=\"https:\/\/www.hoteleuropeo.it\/wp-content\/themes\/hoteleuropeo\/img\/box_home-2.png\" \/><\/a><\/p>\n<h3>Residence Eur<\/h3>\n<p>Der sch\u00f6nste Urlaub mit Ihrer Familie! Die Apartments der <strong><a href=\"https:\/\/www.hoteleuropeo.it\/de\/residence-eur\/\">Residence Eur<\/a><\/strong> sorgen f\u00fcr Ihren unabh\u00e4ngigen Urlaub mit Ihrer Familie.<\/p>\n<h5><a href=\"https:\/\/www.hoteleuropeo.it\/de\/residence-eur\/\">Zur Seite<\/a><\/h5>\n<\/div>\n<\/div> <br clear=\"all\" \/>\n<\/div>\n<\/div>\n<div class=\"corpo-ipad-1\">\n<div class=\"corpo-1\">\n<div class=\"colonna620\">\n<div class=\"video-ipad\">\n<iframe loading=\"lazy\" width=\"455\" height=\"350\" src=\"https:\/\/www.youtube.com\/embed\/SAiMsU69tgU?rel=0\" frameborder=\"0\" allowfullscreen><\/iframe>\n<\/div>\n<\/div>\n<div class=\"colonna320\">\n<div class=\"txt-ipad\">\n<h2>Entdecken Sie Sottomarina und das Hotel Europeo!<\/h2>\n<p>Machen Sie eine Reise in die angenehme Atmosph\u00e4re Ihres n\u00e4chsten Urlaubs. Zimmer mit Meerblick, ein Restaurant, Parkpl\u00e4tze und ein umfassend ausgestatteter Strand sind nur einige der Gr\u00fcnde, weshalb Sie sich f\u00fcr das Hotel Europeo entscheiden sollten. <\/p>\n<\/div>\n<\/div> <br clear=\"all\" \/>\n<\/div>\n<\/div>\n<div class=\"corpo-eventi-1\">\n<div class=\"corpo-1\">\n<div class=\"box-eventi\">\n<h3>Ereignisse<\/h3>\n<div class=\"gallery-view\"><div class=\"events-package-4\"><div class=\"fullsliderimg\"><a href=\"https:\/\/www.hoteleuropeo.it\/de\/events\/veranstaltungen-in-der-stadt\/\"><img loading=\"lazy\" decoding=\"async\" width=\"210\" height=\"210\" src=\"https:\/\/www.hoteleuropeo.it\/wp-content\/uploads\/2015\/05\/Paolo-Fidelfatti-210x210.jpg\" class=\"size-thumbnail\" alt=\"\" srcset=\"https:\/\/www.hoteleuropeo.it\/wp-content\/uploads\/2015\/05\/Paolo-Fidelfatti-210x210.jpg 210w, https:\/\/www.hoteleuropeo.it\/wp-content\/uploads\/2015\/05\/Paolo-Fidelfatti-150x150.jpg 150w, https:\/\/www.hoteleuropeo.it\/wp-content\/uploads\/2015\/05\/Paolo-Fidelfatti-250x250.jpg 250w, https:\/\/www.hoteleuropeo.it\/wp-content\/uploads\/2015\/05\/Paolo-Fidelfatti-32x32.jpg 32w, https:\/\/www.hoteleuropeo.it\/wp-content\/uploads\/2015\/05\/Paolo-Fidelfatti-128x128.jpg 128w, https:\/\/www.hoteleuropeo.it\/wp-content\/uploads\/2015\/05\/Paolo-Fidelfatti-268x268.jpg 268w, https:\/\/www.hoteleuropeo.it\/wp-content\/uploads\/2015\/05\/Paolo-Fidelfatti-440x440.jpg 440w\" sizes=\"auto, (max-width: 210px) 100vw, 210px\" \/><\/a><div class=\"background-events-gallery\"><img decoding=\"async\" src=\"https:\/\/www.hoteleuropeo.it\/wp-content\/uploads\/2013\/09\/bkg-white704.png\" ><div class=\"highlight-text-gallery\"><a href=\"https:\/\/www.hoteleuropeo.it\/de\/events\/veranstaltungen-in-der-stadt\/\">Lokale Veranstaltung<\/a><\/div><\/div><div class=\"background-tag-gallery\"><img decoding=\"async\" src=\"https:\/\/www.hoteleuropeo.it\/wp-content\/uploads\/2014\/06\/EventoLocale1-e1417525720970.png\" ><\/div><\/div><div class=\"original-price\"><\/div><div class=\"reducted-price\"><\/div><div class=\"clear\"><\/div><div class=\"events_title\"><a href=\"https:\/\/www.hoteleuropeo.it\/de\/events\/veranstaltungen-in-der-stadt\/\">Veranstaltungen in der Stadt<\/a><\/div><div class=\"package-gallery\"><\/div><\/div><\/div>\n<h4><a href=\"https:\/\/www.hoteleuropeo.it\/de\/ereignisse-venedig\/\" title=\"Ereignisse\">Zur vollst\u00e4ndigen Liste<\/a><\/h4>\n<\/div>\n<p><br clear=\"all\" \/>\n<\/div>\n<\/div>\n","protected":false},"excerpt":{"rendered":"<p>Hotel in Sottomarina nahe am Strand Ereignisse Zur vollst\u00e4ndigen Liste<\/p>\n","protected":false},"author":28,"featured_media":0,"parent":0,"menu_order":0,"comment_status":"open","ping_status":"open","template":"mappa_footer.php","meta":{"footnotes":""},"class_list":["post-117","page","type-page","status-publish","hentry"],"yoast_head":"<!-- This site is optimized with the Yoast SEO plugin v25.7 - https:\/\/yoast.com\/wordpress\/plugins\/seo\/ -->\n<title>3-Sterne-Hotel in der N\u00e4he von Sottomarina Strand | Hotel Europeo Official Site<\/title>\n<meta name=\"description\" content=\"3 Sterne Hotel in Sottomarina nahe dem Strand, bietet das Hotel Europeo Dienstleistungen f\u00fcr Familien, Zimmer mit Aussicht und Strand mit Liegest\u00fchlen und Sonnenschirmen am 150 m. Hotel in g\u00fcnstiger N\u00e4he zu Venedig und Chioggia besuchen.\" \/>\n<meta name=\"robots\" content=\"index, follow, max-snippet:-1, max-image-preview:large, max-video-preview:-1\" \/>\n<link rel=\"canonical\" href=\"https:\/\/www.hoteleuropeo.it\/de\/\" \/>\n<meta property=\"og:locale\" content=\"de_DE\" \/>\n<meta property=\"og:type\" content=\"article\" \/>\n<meta property=\"og:title\" content=\"3-Sterne-Hotel in der N\u00e4he von Sottomarina Strand | Hotel Europeo Official Site\" \/>\n<meta property=\"og:description\" content=\"3 Sterne Hotel in Sottomarina nahe dem Strand, bietet das Hotel Europeo Dienstleistungen f\u00fcr Familien, Zimmer mit Aussicht und Strand mit Liegest\u00fchlen und Sonnenschirmen am 150 m. Hotel in g\u00fcnstiger N\u00e4he zu Venedig und Chioggia besuchen.\" \/>\n<meta property=\"og:url\" content=\"https:\/\/www.hoteleuropeo.it\/de\/\" \/>\n<meta property=\"og:site_name\" content=\"Hotel Europeo\" \/>\n<meta property=\"article:modified_time\" content=\"2020-05-14T10:27:33+00:00\" \/>\n<meta property=\"og:image\" content=\"https:\/\/www.hoteleuropeo.it\/wp-content\/themes\/hoteleuropeo\/img\/box_home-1.png\" \/>\n<meta name=\"twitter:label1\" content=\"Gesch\u00e4tzte Lesezeit\" \/>\n\t<meta name=\"twitter:data1\" content=\"1\u00a0Minute\" \/>\n<script type=\"application\/ld+json\" class=\"yoast-schema-graph\">{\"@context\":\"https:\/\/schema.org\",\"@graph\":[{\"@type\":\"WebPage\",\"@id\":\"https:\/\/www.hoteleuropeo.it\/de\/\",\"url\":\"https:\/\/www.hoteleuropeo.it\/de\/\",\"name\":\"3-Sterne-Hotel in der N\u00e4he von Sottomarina Strand | Hotel Europeo Official Site\",\"isPartOf\":{\"@id\":\"https:\/\/www.hoteleuropeo.it\/de\/#website\"},\"primaryImageOfPage\":{\"@id\":\"https:\/\/www.hoteleuropeo.it\/de\/#primaryimage\"},\"image\":{\"@id\":\"https:\/\/www.hoteleuropeo.it\/de\/#primaryimage\"},\"thumbnailUrl\":\"https:\/\/www.hoteleuropeo.it\/wp-content\/themes\/hoteleuropeo\/img\/box_home-1.png\",\"datePublished\":\"2013-09-03T15:09:50+00:00\",\"dateModified\":\"2020-05-14T10:27:33+00:00\",\"description\":\"3 Sterne Hotel in Sottomarina nahe dem Strand, bietet das Hotel Europeo Dienstleistungen f\u00fcr Familien, Zimmer mit Aussicht und Strand mit Liegest\u00fchlen und Sonnenschirmen am 150 m. Hotel in g\u00fcnstiger N\u00e4he zu Venedig und Chioggia besuchen.\",\"breadcrumb\":{\"@id\":\"https:\/\/www.hoteleuropeo.it\/de\/#breadcrumb\"},\"inLanguage\":\"de\",\"potentialAction\":[{\"@type\":\"ReadAction\",\"target\":[\"https:\/\/www.hoteleuropeo.it\/de\/\"]}]},{\"@type\":\"ImageObject\",\"inLanguage\":\"de\",\"@id\":\"https:\/\/www.hoteleuropeo.it\/de\/#primaryimage\",\"url\":\"https:\/\/www.hoteleuropeo.it\/wp-content\/themes\/hoteleuropeo\/img\/box_home-1.png\",\"contentUrl\":\"https:\/\/www.hoteleuropeo.it\/wp-content\/themes\/hoteleuropeo\/img\/box_home-1.png\"},{\"@type\":\"BreadcrumbList\",\"@id\":\"https:\/\/www.hoteleuropeo.it\/de\/#breadcrumb\",\"itemListElement\":[{\"@type\":\"ListItem\",\"position\":1,\"name\":\"Home\",\"item\":\"https:\/\/www.hoteleuropeo.it\/de\/\"},{\"@type\":\"ListItem\",\"position\":2,\"name\":\"Home\"}]},{\"@type\":\"WebSite\",\"@id\":\"https:\/\/www.hoteleuropeo.it\/de\/#website\",\"url\":\"https:\/\/www.hoteleuropeo.it\/de\/\",\"name\":\"Hotel Europeo\",\"description\":\"Just another Nozio site\",\"potentialAction\":[{\"@type\":\"SearchAction\",\"target\":{\"@type\":\"EntryPoint\",\"urlTemplate\":\"https:\/\/www.hoteleuropeo.it\/de\/?s={search_term_string}\"},\"query-input\":{\"@type\":\"PropertyValueSpecification\",\"valueRequired\":true,\"valueName\":\"search_term_string\"}}],\"inLanguage\":\"de\"}]}<\/script>\n<!-- \/ Yoast SEO plugin. -->","yoast_head_json":{"title":"3-Sterne-Hotel in der N\u00e4he von Sottomarina Strand | Hotel Europeo Official Site","description":"3 Sterne Hotel in Sottomarina nahe dem Strand, bietet das Hotel Europeo Dienstleistungen f\u00fcr Familien, Zimmer mit Aussicht und Strand mit Liegest\u00fchlen und Sonnenschirmen am 150 m. Hotel in g\u00fcnstiger N\u00e4he zu Venedig und Chioggia besuchen.","robots":{"index":"index","follow":"follow","max-snippet":"max-snippet:-1","max-image-preview":"max-image-preview:large","max-video-preview":"max-video-preview:-1"},"canonical":"https:\/\/www.hoteleuropeo.it\/de\/","og_locale":"de_DE","og_type":"article","og_title":"3-Sterne-Hotel in der N\u00e4he von Sottomarina Strand | Hotel Europeo Official Site","og_description":"3 Sterne Hotel in Sottomarina nahe dem Strand, bietet das Hotel Europeo Dienstleistungen f\u00fcr Familien, Zimmer mit Aussicht und Strand mit Liegest\u00fchlen und Sonnenschirmen am 150 m. Hotel in g\u00fcnstiger N\u00e4he zu Venedig und Chioggia besuchen.","og_url":"https:\/\/www.hoteleuropeo.it\/de\/","og_site_name":"Hotel Europeo","article_modified_time":"2020-05-14T10:27:33+00:00","og_image":[{"url":"https:\/\/www.hoteleuropeo.it\/wp-content\/themes\/hoteleuropeo\/img\/box_home-1.png","type":"","width":"","height":""}],"twitter_misc":{"Gesch\u00e4tzte Lesezeit":"1\u00a0Minute"},"schema":{"@context":"https:\/\/schema.org","@graph":[{"@type":"WebPage","@id":"https:\/\/www.hoteleuropeo.it\/de\/","url":"https:\/\/www.hoteleuropeo.it\/de\/","name":"3-Sterne-Hotel in der N\u00e4he von Sottomarina Strand | Hotel Europeo Official Site","isPartOf":{"@id":"https:\/\/www.hoteleuropeo.it\/de\/#website"},"primaryImageOfPage":{"@id":"https:\/\/www.hoteleuropeo.it\/de\/#primaryimage"},"image":{"@id":"https:\/\/www.hoteleuropeo.it\/de\/#primaryimage"},"thumbnailUrl":"https:\/\/www.hoteleuropeo.it\/wp-content\/themes\/hoteleuropeo\/img\/box_home-1.png","datePublished":"2013-09-03T15:09:50+00:00","dateModified":"2020-05-14T10:27:33+00:00","description":"3 Sterne Hotel in Sottomarina nahe dem Strand, bietet das Hotel Europeo Dienstleistungen f\u00fcr Familien, Zimmer mit Aussicht und Strand mit Liegest\u00fchlen und Sonnenschirmen am 150 m. Hotel in g\u00fcnstiger N\u00e4he zu Venedig und Chioggia besuchen.","breadcrumb":{"@id":"https:\/\/www.hoteleuropeo.it\/de\/#breadcrumb"},"inLanguage":"de","potentialAction":[{"@type":"ReadAction","target":["https:\/\/www.hoteleuropeo.it\/de\/"]}]},{"@type":"ImageObject","inLanguage":"de","@id":"https:\/\/www.hoteleuropeo.it\/de\/#primaryimage","url":"https:\/\/www.hoteleuropeo.it\/wp-content\/themes\/hoteleuropeo\/img\/box_home-1.png","contentUrl":"https:\/\/www.hoteleuropeo.it\/wp-content\/themes\/hoteleuropeo\/img\/box_home-1.png"},{"@type":"BreadcrumbList","@id":"https:\/\/www.hoteleuropeo.it\/de\/#breadcrumb","itemListElement":[{"@type":"ListItem","position":1,"name":"Home","item":"https:\/\/www.hoteleuropeo.it\/de\/"},{"@type":"ListItem","position":2,"name":"Home"}]},{"@type":"WebSite","@id":"https:\/\/www.hoteleuropeo.it\/de\/#website","url":"https:\/\/www.hoteleuropeo.it\/de\/","name":"Hotel Europeo","description":"Just another Nozio site","potentialAction":[{"@type":"SearchAction","target":{"@type":"EntryPoint","urlTemplate":"https:\/\/www.hoteleuropeo.it\/de\/?s={search_term_string}"},"query-input":{"@type":"PropertyValueSpecification","valueRequired":true,"valueName":"search_term_string"}}],"inLanguage":"de"}]}},"publishpress_future_action":{"enabled":false,"date":"2026-05-07 04:25:16","action":"change-status","newStatus":"draft","terms":[],"taxonomy":"translation_priority","extraData":[]},"publishpress_future_workflow_manual_trigger":{"enabledWorkflows":[]},"_links":{"self":[{"href":"https:\/\/www.hoteleuropeo.it\/de\/wp-json\/wp\/v2\/pages\/117","targetHints":{"allow":["GET"]}}],"collection":[{"href":"https:\/\/www.hoteleuropeo.it\/de\/wp-json\/wp\/v2\/pages"}],"about":[{"href":"https:\/\/www.hoteleuropeo.it\/de\/wp-json\/wp\/v2\/types\/page"}],"author":[{"embeddable":true,"href":"https:\/\/www.hoteleuropeo.it\/de\/wp-json\/wp\/v2\/users\/28"}],"replies":[{"embeddable":true,"href":"https:\/\/www.hoteleuropeo.it\/de\/wp-json\/wp\/v2\/comments?post=117"}],"version-history":[{"count":8,"href":"https:\/\/www.hoteleuropeo.it\/de\/wp-json\/wp\/v2\/pages\/117\/revisions"}],"predecessor-version":[{"id":1527,"href":"https:\/\/www.hoteleuropeo.it\/de\/wp-json\/wp\/v2\/pages\/117\/revisions\/1527"}],"wp:attachment":[{"href":"https:\/\/www.hoteleuropeo.it\/de\/wp-json\/wp\/v2\/media?parent=117"}],"curies":[{"name":"wp","href":"https:\/\/api.w.org\/{rel}","templated":true}]}}