{"id":1072,"date":"2015-06-09T08:50:45","date_gmt":"2015-06-09T08:50:45","guid":{"rendered":"https:\/\/www.hoteleuropeo.it\/?page_id=1072"},"modified":"2015-06-10T10:49:49","modified_gmt":"2015-06-10T10:49:49","slug":"wie-sie-uns-erreichen","status":"publish","type":"page","link":"https:\/\/www.hoteleuropeo.it\/de\/wie-sie-uns-erreichen\/","title":{"rendered":"Wie Sie uns erreichen"},"content":{"rendered":"<h2>Wie Sie uns erreichen<\/h2>\n<p><iframe loading=\"lazy\" src=\"https:\/\/www.hoteleuropeo.it\/wp-content\/themes\/hoteleuropeo\/mappa.htm\" width=\"100%\" height=\"400\" frameborder=\"0\"><\/iframe><\/p>\n<p><strong>Mit dem Auto<\/strong> | Von der Autobahn A4 (Mailand-Venedig) kommend, fahren Sie in Padova Interporto ab und weiter in Richtung Piove di Sacco und Chioggia bis nach Sottomarina Lido. Folgen Sie am zweiten Kreisverkehr der Ortschaft der Viale Mediterraneo und biegen Sie rechts in die Via Barbarigo ein. Das Hotel erwartet Sie an der f\u00fcnften Querstra\u00dfe links. Wenn Sie von der A13 (Bologna-Padova) kommen, fahren Sie in Monselice ab und folgen der Beschilderung nach Chioggia\/Sottomarina.<\/p>\n<p><strong>Mit dem Flugzeug<\/strong> |  Der n\u00e4chste Flughafen ist der Flughafen von Venedig (58 km). Nehmen Sie hier einen Mietwagen oder einen Bus der Linie 5 bis zur Piazzale Roma (Venedig). Steigen Sie hier in den Bus nach Sottomarina. Steigen Sie an der Endstation Viale Mediterraneo aus; unser Hotel ist 400 Meter von hier entfernt. <\/p>\n<p><strong>Mit dem Zug<\/strong> |  Von den Bahnh\u00f6fen von Padua und Mestre fahren regelm\u00e4\u00dfig Linienbusse der Sita und Actv nach Sottomarina (bis zur Endstation Viale Mediterraneo, nur 400 Meter vom Hotel Europeo entfernt). <\/p>\n<ul id=\"txt-popup-links\">\n<li><a href=\"#\" onclick=\"self.print();return false;\">Drucken<\/a><\/li>\n<\/ul>\n","protected":false},"excerpt":{"rendered":"<p>Wie Sie uns erreichen Mit dem Auto | Von der Autobahn A4 (Mailand-Venedig) kommend, fahren Sie in Padova Interporto ab und weiter in Richtung Piove di Sacco und Chioggia bis nach Sottomarina Lido. Folgen Sie am zweiten Kreisverkehr der Ortschaft der Viale Mediterraneo und biegen Sie rechts in die Via Barbarigo ein. Das Hotel erwartet [&hellip;]<\/p>\n","protected":false},"author":28,"featured_media":0,"parent":0,"menu_order":0,"comment_status":"open","ping_status":"closed","template":"page-popup.php","meta":{"footnotes":""},"class_list":["post-1072","page","type-page","status-publish","hentry"],"yoast_head":"<!-- This site is optimized with the Yoast SEO plugin v25.7 - https:\/\/yoast.com\/wordpress\/plugins\/seo\/ -->\n<title>Wie Sie uns erreichen - Hotel Europeo<\/title>\n<meta name=\"description\" content=\"Wie Sie uns erreichen, Hotel Europeo: 3-Sterne hotel in Sottomarina in Strandn\u00e4he. Bietet Dienstleistungen f\u00fcr Familien und Zimmer mit Aussicht. Der Strand ist zu Fu\u00df erreichbar. Bequem zu Venedig.\" \/>\n<meta name=\"robots\" content=\"index, follow, max-snippet:-1, max-image-preview:large, max-video-preview:-1\" \/>\n<link rel=\"canonical\" href=\"https:\/\/www.hoteleuropeo.it\/de\/wie-sie-uns-erreichen\/\" \/>\n<meta property=\"og:locale\" content=\"de_DE\" \/>\n<meta property=\"og:type\" content=\"article\" \/>\n<meta property=\"og:title\" content=\"Wie Sie uns erreichen - Hotel Europeo\" \/>\n<meta property=\"og:description\" content=\"Wie Sie uns erreichen, Hotel Europeo: 3-Sterne hotel in Sottomarina in Strandn\u00e4he. Bietet Dienstleistungen f\u00fcr Familien und Zimmer mit Aussicht. Der Strand ist zu Fu\u00df erreichbar. Bequem zu Venedig.\" \/>\n<meta property=\"og:url\" content=\"https:\/\/www.hoteleuropeo.it\/de\/wie-sie-uns-erreichen\/\" \/>\n<meta property=\"og:site_name\" content=\"Hotel Europeo\" \/>\n<meta property=\"article:modified_time\" content=\"2015-06-10T10:49:49+00:00\" \/>\n<meta name=\"twitter:label1\" content=\"Gesch\u00e4tzte Lesezeit\" \/>\n\t<meta name=\"twitter:data1\" content=\"1\u00a0Minute\" \/>\n<script type=\"application\/ld+json\" class=\"yoast-schema-graph\">{\"@context\":\"https:\/\/schema.org\",\"@graph\":[{\"@type\":\"WebPage\",\"@id\":\"https:\/\/www.hoteleuropeo.it\/de\/wie-sie-uns-erreichen\/\",\"url\":\"https:\/\/www.hoteleuropeo.it\/de\/wie-sie-uns-erreichen\/\",\"name\":\"Wie Sie uns erreichen - Hotel Europeo\",\"isPartOf\":{\"@id\":\"https:\/\/www.hoteleuropeo.it\/de\/#website\"},\"datePublished\":\"2015-06-09T08:50:45+00:00\",\"dateModified\":\"2015-06-10T10:49:49+00:00\",\"description\":\"Wie Sie uns erreichen, Hotel Europeo: 3-Sterne hotel in Sottomarina in Strandn\u00e4he. Bietet Dienstleistungen f\u00fcr Familien und Zimmer mit Aussicht. Der Strand ist zu Fu\u00df erreichbar. Bequem zu Venedig.\",\"breadcrumb\":{\"@id\":\"https:\/\/www.hoteleuropeo.it\/de\/wie-sie-uns-erreichen\/#breadcrumb\"},\"inLanguage\":\"de\",\"potentialAction\":[{\"@type\":\"ReadAction\",\"target\":[\"https:\/\/www.hoteleuropeo.it\/de\/wie-sie-uns-erreichen\/\"]}]},{\"@type\":\"BreadcrumbList\",\"@id\":\"https:\/\/www.hoteleuropeo.it\/de\/wie-sie-uns-erreichen\/#breadcrumb\",\"itemListElement\":[{\"@type\":\"ListItem\",\"position\":1,\"name\":\"Home\",\"item\":\"https:\/\/www.hoteleuropeo.it\/de\/\"},{\"@type\":\"ListItem\",\"position\":2,\"name\":\"Wie Sie uns erreichen\"}]},{\"@type\":\"WebSite\",\"@id\":\"https:\/\/www.hoteleuropeo.it\/de\/#website\",\"url\":\"https:\/\/www.hoteleuropeo.it\/de\/\",\"name\":\"Hotel Europeo\",\"description\":\"Just another Nozio site\",\"potentialAction\":[{\"@type\":\"SearchAction\",\"target\":{\"@type\":\"EntryPoint\",\"urlTemplate\":\"https:\/\/www.hoteleuropeo.it\/de\/?s={search_term_string}\"},\"query-input\":{\"@type\":\"PropertyValueSpecification\",\"valueRequired\":true,\"valueName\":\"search_term_string\"}}],\"inLanguage\":\"de\"}]}<\/script>\n<!-- \/ Yoast SEO plugin. -->","yoast_head_json":{"title":"Wie Sie uns erreichen - Hotel Europeo","description":"Wie Sie uns erreichen, Hotel Europeo: 3-Sterne hotel in Sottomarina in Strandn\u00e4he. Bietet Dienstleistungen f\u00fcr Familien und Zimmer mit Aussicht. Der Strand ist zu Fu\u00df erreichbar. Bequem zu Venedig.","robots":{"index":"index","follow":"follow","max-snippet":"max-snippet:-1","max-image-preview":"max-image-preview:large","max-video-preview":"max-video-preview:-1"},"canonical":"https:\/\/www.hoteleuropeo.it\/de\/wie-sie-uns-erreichen\/","og_locale":"de_DE","og_type":"article","og_title":"Wie Sie uns erreichen - Hotel Europeo","og_description":"Wie Sie uns erreichen, Hotel Europeo: 3-Sterne hotel in Sottomarina in Strandn\u00e4he. Bietet Dienstleistungen f\u00fcr Familien und Zimmer mit Aussicht. Der Strand ist zu Fu\u00df erreichbar. Bequem zu Venedig.","og_url":"https:\/\/www.hoteleuropeo.it\/de\/wie-sie-uns-erreichen\/","og_site_name":"Hotel Europeo","article_modified_time":"2015-06-10T10:49:49+00:00","twitter_misc":{"Gesch\u00e4tzte Lesezeit":"1\u00a0Minute"},"schema":{"@context":"https:\/\/schema.org","@graph":[{"@type":"WebPage","@id":"https:\/\/www.hoteleuropeo.it\/de\/wie-sie-uns-erreichen\/","url":"https:\/\/www.hoteleuropeo.it\/de\/wie-sie-uns-erreichen\/","name":"Wie Sie uns erreichen - Hotel Europeo","isPartOf":{"@id":"https:\/\/www.hoteleuropeo.it\/de\/#website"},"datePublished":"2015-06-09T08:50:45+00:00","dateModified":"2015-06-10T10:49:49+00:00","description":"Wie Sie uns erreichen, Hotel Europeo: 3-Sterne hotel in Sottomarina in Strandn\u00e4he. Bietet Dienstleistungen f\u00fcr Familien und Zimmer mit Aussicht. Der Strand ist zu Fu\u00df erreichbar. Bequem zu Venedig.","breadcrumb":{"@id":"https:\/\/www.hoteleuropeo.it\/de\/wie-sie-uns-erreichen\/#breadcrumb"},"inLanguage":"de","potentialAction":[{"@type":"ReadAction","target":["https:\/\/www.hoteleuropeo.it\/de\/wie-sie-uns-erreichen\/"]}]},{"@type":"BreadcrumbList","@id":"https:\/\/www.hoteleuropeo.it\/de\/wie-sie-uns-erreichen\/#breadcrumb","itemListElement":[{"@type":"ListItem","position":1,"name":"Home","item":"https:\/\/www.hoteleuropeo.it\/de\/"},{"@type":"ListItem","position":2,"name":"Wie Sie uns erreichen"}]},{"@type":"WebSite","@id":"https:\/\/www.hoteleuropeo.it\/de\/#website","url":"https:\/\/www.hoteleuropeo.it\/de\/","name":"Hotel Europeo","description":"Just another Nozio site","potentialAction":[{"@type":"SearchAction","target":{"@type":"EntryPoint","urlTemplate":"https:\/\/www.hoteleuropeo.it\/de\/?s={search_term_string}"},"query-input":{"@type":"PropertyValueSpecification","valueRequired":true,"valueName":"search_term_string"}}],"inLanguage":"de"}]}},"publishpress_future_action":{"enabled":false,"date":"2026-04-22 14:19:18","action":"change-status","newStatus":"draft","terms":[],"taxonomy":"translation_priority","extraData":[]},"publishpress_future_workflow_manual_trigger":{"enabledWorkflows":[]},"_links":{"self":[{"href":"https:\/\/www.hoteleuropeo.it\/de\/wp-json\/wp\/v2\/pages\/1072","targetHints":{"allow":["GET"]}}],"collection":[{"href":"https:\/\/www.hoteleuropeo.it\/de\/wp-json\/wp\/v2\/pages"}],"about":[{"href":"https:\/\/www.hoteleuropeo.it\/de\/wp-json\/wp\/v2\/types\/page"}],"author":[{"embeddable":true,"href":"https:\/\/www.hoteleuropeo.it\/de\/wp-json\/wp\/v2\/users\/28"}],"replies":[{"embeddable":true,"href":"https:\/\/www.hoteleuropeo.it\/de\/wp-json\/wp\/v2\/comments?post=1072"}],"version-history":[{"count":1,"href":"https:\/\/www.hoteleuropeo.it\/de\/wp-json\/wp\/v2\/pages\/1072\/revisions"}],"predecessor-version":[{"id":1073,"href":"https:\/\/www.hoteleuropeo.it\/de\/wp-json\/wp\/v2\/pages\/1072\/revisions\/1073"}],"wp:attachment":[{"href":"https:\/\/www.hoteleuropeo.it\/de\/wp-json\/wp\/v2\/media?parent=1072"}],"curies":[{"name":"wp","href":"https:\/\/api.w.org\/{rel}","templated":true}]}}