{"id":1027,"date":"2015-06-09T08:07:12","date_gmt":"2015-06-09T08:07:12","guid":{"rendered":"https:\/\/www.hoteleuropeo.it\/?page_id=1027"},"modified":"2015-06-10T10:50:36","modified_gmt":"2015-06-10T10:50:36","slug":"ereignisse-venedig","status":"publish","type":"page","link":"https:\/\/www.hoteleuropeo.it\/de\/ereignisse-venedig\/","title":{"rendered":"Ereignisse"},"content":{"rendered":"<div class=\"corpo-1\">\n<h2>Ereignisse<\/h2>\n<div class=\"gallery-view\"><div class=\"events-package-4\"><div class=\"fullsliderimg\"><a href=\"https:\/\/www.hoteleuropeo.it\/de\/events\/veranstaltungen-in-der-stadt\/\"><img loading=\"lazy\" decoding=\"async\" width=\"268\" height=\"268\" src=\"https:\/\/www.hoteleuropeo.it\/wp-content\/uploads\/2015\/05\/Paolo-Fidelfatti-268x268.jpg\" class=\"size-medium\" alt=\"\" srcset=\"https:\/\/www.hoteleuropeo.it\/wp-content\/uploads\/2015\/05\/Paolo-Fidelfatti-268x268.jpg 268w, https:\/\/www.hoteleuropeo.it\/wp-content\/uploads\/2015\/05\/Paolo-Fidelfatti-150x150.jpg 150w, https:\/\/www.hoteleuropeo.it\/wp-content\/uploads\/2015\/05\/Paolo-Fidelfatti-250x250.jpg 250w, https:\/\/www.hoteleuropeo.it\/wp-content\/uploads\/2015\/05\/Paolo-Fidelfatti-32x32.jpg 32w, https:\/\/www.hoteleuropeo.it\/wp-content\/uploads\/2015\/05\/Paolo-Fidelfatti-128x128.jpg 128w, https:\/\/www.hoteleuropeo.it\/wp-content\/uploads\/2015\/05\/Paolo-Fidelfatti-210x210.jpg 210w, https:\/\/www.hoteleuropeo.it\/wp-content\/uploads\/2015\/05\/Paolo-Fidelfatti-440x440.jpg 440w\" sizes=\"auto, (max-width: 268px) 100vw, 268px\" \/><\/a><div class=\"background-events-gallery\"><img decoding=\"async\" src=\"https:\/\/www.hoteleuropeo.it\/wp-content\/uploads\/2013\/09\/bkg-white704.png\" ><div class=\"highlight-text-gallery\"><a href=\"https:\/\/www.hoteleuropeo.it\/de\/events\/veranstaltungen-in-der-stadt\/\">Lokale Veranstaltung<\/a><\/div><\/div><div class=\"background-tag-gallery\"><img decoding=\"async\" src=\"https:\/\/www.hoteleuropeo.it\/wp-content\/uploads\/2014\/06\/EventoLocale1-e1417525720970.png\" ><\/div><\/div><div class=\"original-price\"><\/div><div class=\"reducted-price\"><\/div><div class=\"clear\"><\/div><div class=\"events_title\"><a href=\"https:\/\/www.hoteleuropeo.it\/de\/events\/veranstaltungen-in-der-stadt\/\">Veranstaltungen in der Stadt<\/a><\/div><div class=\"package-gallery\"><div>Sonderrabatt<\/div><div><\/div><div>2 oder mehr Personen<\/div><div>Doppelzimmer \/ Dreibettzimmer<\/div><\/div><\/div><\/div><\/div>\n","protected":false},"excerpt":{"rendered":"<p>Ereignisse<\/p>\n","protected":false},"author":28,"featured_media":0,"parent":0,"menu_order":0,"comment_status":"open","ping_status":"open","template":"","meta":{"footnotes":""},"class_list":["post-1027","page","type-page","status-publish","hentry"],"yoast_head":"<!-- This site is optimized with the Yoast SEO plugin v25.7 - https:\/\/yoast.com\/wordpress\/plugins\/seo\/ -->\n<title>Ereignisse - Hotel Europeo<\/title>\n<meta name=\"description\" content=\"Ereignisse, Hotel Europeo: 3-Sterne hotel in Sottomarina in Strandn\u00e4he. Bietet Dienstleistungen f\u00fcr Familien und Zimmer mit Aussicht. Der Strand ist zu Fu\u00df erreichbar. Bequem zu Venedig.\" \/>\n<meta name=\"robots\" content=\"index, follow, max-snippet:-1, max-image-preview:large, max-video-preview:-1\" \/>\n<link rel=\"canonical\" href=\"https:\/\/www.hoteleuropeo.it\/de\/ereignisse-venedig\/\" \/>\n<meta property=\"og:locale\" content=\"de_DE\" \/>\n<meta property=\"og:type\" content=\"article\" \/>\n<meta property=\"og:title\" content=\"Ereignisse - Hotel Europeo\" \/>\n<meta property=\"og:description\" content=\"Ereignisse, Hotel Europeo: 3-Sterne hotel in Sottomarina in Strandn\u00e4he. Bietet Dienstleistungen f\u00fcr Familien und Zimmer mit Aussicht. Der Strand ist zu Fu\u00df erreichbar. Bequem zu Venedig.\" \/>\n<meta property=\"og:url\" content=\"https:\/\/www.hoteleuropeo.it\/de\/ereignisse-venedig\/\" \/>\n<meta property=\"og:site_name\" content=\"Hotel Europeo\" \/>\n<meta property=\"article:modified_time\" content=\"2015-06-10T10:50:36+00:00\" \/>\n<script type=\"application\/ld+json\" class=\"yoast-schema-graph\">{\"@context\":\"https:\/\/schema.org\",\"@graph\":[{\"@type\":\"WebPage\",\"@id\":\"https:\/\/www.hoteleuropeo.it\/de\/ereignisse-venedig\/\",\"url\":\"https:\/\/www.hoteleuropeo.it\/de\/ereignisse-venedig\/\",\"name\":\"Ereignisse - Hotel Europeo\",\"isPartOf\":{\"@id\":\"https:\/\/www.hoteleuropeo.it\/de\/#website\"},\"datePublished\":\"2015-06-09T08:07:12+00:00\",\"dateModified\":\"2015-06-10T10:50:36+00:00\",\"description\":\"Ereignisse, Hotel Europeo: 3-Sterne hotel in Sottomarina in Strandn\u00e4he. Bietet Dienstleistungen f\u00fcr Familien und Zimmer mit Aussicht. Der Strand ist zu Fu\u00df erreichbar. Bequem zu Venedig.\",\"breadcrumb\":{\"@id\":\"https:\/\/www.hoteleuropeo.it\/de\/ereignisse-venedig\/#breadcrumb\"},\"inLanguage\":\"de\",\"potentialAction\":[{\"@type\":\"ReadAction\",\"target\":[\"https:\/\/www.hoteleuropeo.it\/de\/ereignisse-venedig\/\"]}]},{\"@type\":\"BreadcrumbList\",\"@id\":\"https:\/\/www.hoteleuropeo.it\/de\/ereignisse-venedig\/#breadcrumb\",\"itemListElement\":[{\"@type\":\"ListItem\",\"position\":1,\"name\":\"Home\",\"item\":\"https:\/\/www.hoteleuropeo.it\/de\/\"},{\"@type\":\"ListItem\",\"position\":2,\"name\":\"Ereignisse\"}]},{\"@type\":\"WebSite\",\"@id\":\"https:\/\/www.hoteleuropeo.it\/de\/#website\",\"url\":\"https:\/\/www.hoteleuropeo.it\/de\/\",\"name\":\"Hotel Europeo\",\"description\":\"Just another Nozio site\",\"potentialAction\":[{\"@type\":\"SearchAction\",\"target\":{\"@type\":\"EntryPoint\",\"urlTemplate\":\"https:\/\/www.hoteleuropeo.it\/de\/?s={search_term_string}\"},\"query-input\":{\"@type\":\"PropertyValueSpecification\",\"valueRequired\":true,\"valueName\":\"search_term_string\"}}],\"inLanguage\":\"de\"}]}<\/script>\n<!-- \/ Yoast SEO plugin. -->","yoast_head_json":{"title":"Ereignisse - Hotel Europeo","description":"Ereignisse, Hotel Europeo: 3-Sterne hotel in Sottomarina in Strandn\u00e4he. Bietet Dienstleistungen f\u00fcr Familien und Zimmer mit Aussicht. Der Strand ist zu Fu\u00df erreichbar. Bequem zu Venedig.","robots":{"index":"index","follow":"follow","max-snippet":"max-snippet:-1","max-image-preview":"max-image-preview:large","max-video-preview":"max-video-preview:-1"},"canonical":"https:\/\/www.hoteleuropeo.it\/de\/ereignisse-venedig\/","og_locale":"de_DE","og_type":"article","og_title":"Ereignisse - Hotel Europeo","og_description":"Ereignisse, Hotel Europeo: 3-Sterne hotel in Sottomarina in Strandn\u00e4he. Bietet Dienstleistungen f\u00fcr Familien und Zimmer mit Aussicht. Der Strand ist zu Fu\u00df erreichbar. Bequem zu Venedig.","og_url":"https:\/\/www.hoteleuropeo.it\/de\/ereignisse-venedig\/","og_site_name":"Hotel Europeo","article_modified_time":"2015-06-10T10:50:36+00:00","schema":{"@context":"https:\/\/schema.org","@graph":[{"@type":"WebPage","@id":"https:\/\/www.hoteleuropeo.it\/de\/ereignisse-venedig\/","url":"https:\/\/www.hoteleuropeo.it\/de\/ereignisse-venedig\/","name":"Ereignisse - Hotel Europeo","isPartOf":{"@id":"https:\/\/www.hoteleuropeo.it\/de\/#website"},"datePublished":"2015-06-09T08:07:12+00:00","dateModified":"2015-06-10T10:50:36+00:00","description":"Ereignisse, Hotel Europeo: 3-Sterne hotel in Sottomarina in Strandn\u00e4he. Bietet Dienstleistungen f\u00fcr Familien und Zimmer mit Aussicht. Der Strand ist zu Fu\u00df erreichbar. Bequem zu Venedig.","breadcrumb":{"@id":"https:\/\/www.hoteleuropeo.it\/de\/ereignisse-venedig\/#breadcrumb"},"inLanguage":"de","potentialAction":[{"@type":"ReadAction","target":["https:\/\/www.hoteleuropeo.it\/de\/ereignisse-venedig\/"]}]},{"@type":"BreadcrumbList","@id":"https:\/\/www.hoteleuropeo.it\/de\/ereignisse-venedig\/#breadcrumb","itemListElement":[{"@type":"ListItem","position":1,"name":"Home","item":"https:\/\/www.hoteleuropeo.it\/de\/"},{"@type":"ListItem","position":2,"name":"Ereignisse"}]},{"@type":"WebSite","@id":"https:\/\/www.hoteleuropeo.it\/de\/#website","url":"https:\/\/www.hoteleuropeo.it\/de\/","name":"Hotel Europeo","description":"Just another Nozio site","potentialAction":[{"@type":"SearchAction","target":{"@type":"EntryPoint","urlTemplate":"https:\/\/www.hoteleuropeo.it\/de\/?s={search_term_string}"},"query-input":{"@type":"PropertyValueSpecification","valueRequired":true,"valueName":"search_term_string"}}],"inLanguage":"de"}]}},"publishpress_future_action":{"enabled":false,"date":"2026-04-29 14:35:31","action":"change-status","newStatus":"draft","terms":[],"taxonomy":"translation_priority","extraData":[]},"publishpress_future_workflow_manual_trigger":{"enabledWorkflows":[]},"_links":{"self":[{"href":"https:\/\/www.hoteleuropeo.it\/de\/wp-json\/wp\/v2\/pages\/1027","targetHints":{"allow":["GET"]}}],"collection":[{"href":"https:\/\/www.hoteleuropeo.it\/de\/wp-json\/wp\/v2\/pages"}],"about":[{"href":"https:\/\/www.hoteleuropeo.it\/de\/wp-json\/wp\/v2\/types\/page"}],"author":[{"embeddable":true,"href":"https:\/\/www.hoteleuropeo.it\/de\/wp-json\/wp\/v2\/users\/28"}],"replies":[{"embeddable":true,"href":"https:\/\/www.hoteleuropeo.it\/de\/wp-json\/wp\/v2\/comments?post=1027"}],"version-history":[{"count":1,"href":"https:\/\/www.hoteleuropeo.it\/de\/wp-json\/wp\/v2\/pages\/1027\/revisions"}],"predecessor-version":[{"id":1028,"href":"https:\/\/www.hoteleuropeo.it\/de\/wp-json\/wp\/v2\/pages\/1027\/revisions\/1028"}],"wp:attachment":[{"href":"https:\/\/www.hoteleuropeo.it\/de\/wp-json\/wp\/v2\/media?parent=1027"}],"curies":[{"name":"wp","href":"https:\/\/api.w.org\/{rel}","templated":true}]}}